{"id":42552,"date":"2026-02-15T14:11:16","date_gmt":"2026-02-15T14:11:16","guid":{"rendered":"https:\/\/apisantos.com\/?post_type=product&#038;p=42552"},"modified":"2026-02-15T14:11:16","modified_gmt":"2026-02-15T14:11:16","slug":"batao-abelhas-coloridas","status":"publish","type":"product","link":"https:\/\/apisantos.com\/en\/loja-online\/brinquedos\/batao-abelhas-coloridas\/","title":{"rendered":"Bat\u00e3o abelhas coloridas"},"content":{"rendered":"<p>Bat\u00e3o abelhas coloridas<\/p>\n<p>&nbsp;<\/p>\n<p>Bat\u00e3o abelhas coloridas, cada c\u00f4r cada sabor.<\/p>\n","protected":false},"excerpt":{"rendered":"<p>Bat\u00e3o abelhas coloridas &nbsp; Bat\u00e3o abelhas coloridas, cada c\u00f4r cada sabor.<\/p>\n","protected":false},"featured_media":0,"comment_status":"open","ping_status":"closed","template":"","meta":[],"product_brand":[],"product_cat":[282],"product_tag":[283],"class_list":{"0":"post-42552","1":"product","2":"type-product","3":"status-publish","5":"product_cat-brinquedos","6":"product_tag-brinquedos","7":"description-off","9":"first","10":"instock","11":"taxable","12":"shipping-taxable","13":"purchasable","14":"product-type-simple"},"aioseo_notices":[],"_links":{"self":[{"href":"https:\/\/apisantos.com\/en\/wp-json\/wp\/v2\/product\/42552","targetHints":{"allow":["GET"]}}],"collection":[{"href":"https:\/\/apisantos.com\/en\/wp-json\/wp\/v2\/product"}],"about":[{"href":"https:\/\/apisantos.com\/en\/wp-json\/wp\/v2\/types\/product"}],"replies":[{"embeddable":true,"href":"https:\/\/apisantos.com\/en\/wp-json\/wp\/v2\/comments?post=42552"}],"wp:attachment":[{"href":"https:\/\/apisantos.com\/en\/wp-json\/wp\/v2\/media?parent=42552"}],"wp:term":[{"taxonomy":"product_brand","embeddable":true,"href":"https:\/\/apisantos.com\/en\/wp-json\/wp\/v2\/product_brand?post=42552"},{"taxonomy":"product_cat","embeddable":true,"href":"https:\/\/apisantos.com\/en\/wp-json\/wp\/v2\/product_cat?post=42552"},{"taxonomy":"product_tag","embeddable":true,"href":"https:\/\/apisantos.com\/en\/wp-json\/wp\/v2\/product_tag?post=42552"}],"curies":[{"name":"wp","href":"https:\/\/api.w.org\/{rel}","templated":true}]}}