{"id":42551,"date":"2026-02-15T14:06:39","date_gmt":"2026-02-15T14:06:39","guid":{"rendered":"https:\/\/apisantos.com\/?post_type=product&#038;p=42551"},"modified":"2026-02-15T14:06:40","modified_gmt":"2026-02-15T14:06:40","slug":"avental-com-tema-abelha","status":"publish","type":"product","link":"https:\/\/apisantos.com\/en\/loja-online\/brinquedos\/avental-com-tema-abelha\/","title":{"rendered":"Avental com tema abelha"},"content":{"rendered":"<p>Avental com tema abelha<\/p>\n<p>&nbsp;<\/p>\n<p>Avental em poli\u00e9ster muito pr\u00e1tico e \u00fatil com tema abelha<\/p>\n","protected":false},"excerpt":{"rendered":"<p>Avental com tema abelha &nbsp; Avental em poli\u00e9ster muito pr\u00e1tico e \u00fatil com tema abelha<\/p>\n","protected":false},"featured_media":0,"comment_status":"open","ping_status":"closed","template":"","meta":[],"product_brand":[],"product_cat":[282],"product_tag":[283],"class_list":{"0":"post-42551","1":"product","2":"type-product","3":"status-publish","5":"product_cat-brinquedos","6":"product_tag-brinquedos","7":"description-off","9":"first","10":"instock","11":"taxable","12":"shipping-taxable","13":"purchasable","14":"product-type-simple"},"aioseo_notices":[],"_links":{"self":[{"href":"https:\/\/apisantos.com\/en\/wp-json\/wp\/v2\/product\/42551","targetHints":{"allow":["GET"]}}],"collection":[{"href":"https:\/\/apisantos.com\/en\/wp-json\/wp\/v2\/product"}],"about":[{"href":"https:\/\/apisantos.com\/en\/wp-json\/wp\/v2\/types\/product"}],"replies":[{"embeddable":true,"href":"https:\/\/apisantos.com\/en\/wp-json\/wp\/v2\/comments?post=42551"}],"wp:attachment":[{"href":"https:\/\/apisantos.com\/en\/wp-json\/wp\/v2\/media?parent=42551"}],"wp:term":[{"taxonomy":"product_brand","embeddable":true,"href":"https:\/\/apisantos.com\/en\/wp-json\/wp\/v2\/product_brand?post=42551"},{"taxonomy":"product_cat","embeddable":true,"href":"https:\/\/apisantos.com\/en\/wp-json\/wp\/v2\/product_cat?post=42551"},{"taxonomy":"product_tag","embeddable":true,"href":"https:\/\/apisantos.com\/en\/wp-json\/wp\/v2\/product_tag?post=42551"}],"curies":[{"name":"wp","href":"https:\/\/api.w.org\/{rel}","templated":true}]}}