{"id":42548,"date":"2026-02-15T13:48:00","date_gmt":"2026-02-15T13:48:00","guid":{"rendered":"https:\/\/apisantos.com\/?post_type=product&#038;p=42548"},"modified":"2026-02-15T13:51:04","modified_gmt":"2026-02-15T13:51:04","slug":"abelha-dancante","status":"publish","type":"product","link":"https:\/\/apisantos.com\/en\/loja-online\/brinquedos\/abelha-dancante\/","title":{"rendered":"Abelha dan\u00e7ante"},"content":{"rendered":"<p>Abelha dan\u00e7ante<\/p>\n<p>&nbsp;<\/p>\n<p>Abelha dan\u00e7a d\u00e1 musica e pisca os olhos.<br \/>\nNecessita de 3 pilhas AAA<\/p>\n","protected":false},"excerpt":{"rendered":"<p>Abelha dan\u00e7ante &nbsp; Abelha dan\u00e7a d\u00e1 musica e pisca os olhos. Necessita de 3 pilhas AAA<\/p>\n","protected":false},"featured_media":0,"comment_status":"open","ping_status":"closed","template":"","meta":[],"product_brand":[],"product_cat":[282],"product_tag":[283],"class_list":{"0":"post-42548","1":"product","2":"type-product","3":"status-publish","5":"product_cat-brinquedos","6":"product_tag-brinquedos","7":"description-off","9":"first","10":"instock","11":"taxable","12":"shipping-taxable","13":"purchasable","14":"product-type-simple"},"aioseo_notices":[],"_links":{"self":[{"href":"https:\/\/apisantos.com\/en\/wp-json\/wp\/v2\/product\/42548","targetHints":{"allow":["GET"]}}],"collection":[{"href":"https:\/\/apisantos.com\/en\/wp-json\/wp\/v2\/product"}],"about":[{"href":"https:\/\/apisantos.com\/en\/wp-json\/wp\/v2\/types\/product"}],"replies":[{"embeddable":true,"href":"https:\/\/apisantos.com\/en\/wp-json\/wp\/v2\/comments?post=42548"}],"wp:attachment":[{"href":"https:\/\/apisantos.com\/en\/wp-json\/wp\/v2\/media?parent=42548"}],"wp:term":[{"taxonomy":"product_brand","embeddable":true,"href":"https:\/\/apisantos.com\/en\/wp-json\/wp\/v2\/product_brand?post=42548"},{"taxonomy":"product_cat","embeddable":true,"href":"https:\/\/apisantos.com\/en\/wp-json\/wp\/v2\/product_cat?post=42548"},{"taxonomy":"product_tag","embeddable":true,"href":"https:\/\/apisantos.com\/en\/wp-json\/wp\/v2\/product_tag?post=42548"}],"curies":[{"name":"wp","href":"https:\/\/api.w.org\/{rel}","templated":true}]}}