{"id":42546,"date":"2026-02-15T12:13:13","date_gmt":"2026-02-15T12:13:13","guid":{"rendered":"https:\/\/apisantos.com\/?post_type=product&#038;p=42546"},"modified":"2026-02-15T12:13:13","modified_gmt":"2026-02-15T12:13:13","slug":"kit-solar-e-bateria","status":"publish","type":"product","link":"https:\/\/apisantos.com\/en\/loja-online\/apisantos\/tratamentos\/kit-solar-e-bateria\/","title":{"rendered":"Kit solar e bateria"},"content":{"rendered":"<p>Kit solar e bateria<\/p>\n<p>&nbsp;<\/p>\n<p>Caixa com liga\u00e7\u00e3o ao painel solar e bateria.<br \/>\nCaixa para liga\u00e7\u00e3o ao painel solar de 30w<br \/>\ne consequentemente para ligar a harpas, at\u00e9 6 harpas.<\/p>\n","protected":false},"excerpt":{"rendered":"<p>Kit solar e bateria &nbsp; Caixa com liga\u00e7\u00e3o ao painel solar e bateria. Caixa para liga\u00e7\u00e3o ao painel solar de 30w e consequentemente para ligar a harpas, at\u00e9 6 harpas.<\/p>\n","protected":false},"featured_media":0,"comment_status":"open","ping_status":"closed","template":"","meta":[],"product_brand":[],"product_cat":[214,222],"product_tag":[256,247],"class_list":{"0":"post-42546","1":"product","2":"type-product","3":"status-publish","5":"product_cat-apisantos","6":"product_cat-tratamentos","7":"product_tag-apisantos","8":"product_tag-tratamentos","9":"description-off","11":"first","12":"instock","13":"taxable","14":"shipping-taxable","15":"purchasable","16":"product-type-simple"},"aioseo_notices":[],"_links":{"self":[{"href":"https:\/\/apisantos.com\/en\/wp-json\/wp\/v2\/product\/42546","targetHints":{"allow":["GET"]}}],"collection":[{"href":"https:\/\/apisantos.com\/en\/wp-json\/wp\/v2\/product"}],"about":[{"href":"https:\/\/apisantos.com\/en\/wp-json\/wp\/v2\/types\/product"}],"replies":[{"embeddable":true,"href":"https:\/\/apisantos.com\/en\/wp-json\/wp\/v2\/comments?post=42546"}],"wp:attachment":[{"href":"https:\/\/apisantos.com\/en\/wp-json\/wp\/v2\/media?parent=42546"}],"wp:term":[{"taxonomy":"product_brand","embeddable":true,"href":"https:\/\/apisantos.com\/en\/wp-json\/wp\/v2\/product_brand?post=42546"},{"taxonomy":"product_cat","embeddable":true,"href":"https:\/\/apisantos.com\/en\/wp-json\/wp\/v2\/product_cat?post=42546"},{"taxonomy":"product_tag","embeddable":true,"href":"https:\/\/apisantos.com\/en\/wp-json\/wp\/v2\/product_tag?post=42546"}],"curies":[{"name":"wp","href":"https:\/\/api.w.org\/{rel}","templated":true}]}}