{"id":42544,"date":"2026-02-15T12:05:39","date_gmt":"2026-02-15T12:05:39","guid":{"rendered":"https:\/\/apisantos.com\/?post_type=product&#038;p=42544"},"modified":"2026-02-15T12:05:39","modified_gmt":"2026-02-15T12:05:39","slug":"kit-220v","status":"publish","type":"product","link":"https:\/\/apisantos.com\/en\/loja-online\/apisantos\/tratamentos\/kit-220v\/","title":{"rendered":"Kit 220v"},"content":{"rendered":"<p>Kit 220v<\/p>\n<p>&nbsp;<\/p>\n<p>Caixa para ligar a corrente 220v.<br \/>\nCaixa para liga\u00e7\u00e3o a harpas, at\u00e9 6 harpas.<\/p>\n","protected":false},"excerpt":{"rendered":"<p>Kit 220v &nbsp; Caixa para ligar a corrente 220v. Caixa para liga\u00e7\u00e3o a harpas, at\u00e9 6 harpas.<\/p>\n","protected":false},"featured_media":0,"comment_status":"open","ping_status":"closed","template":"","meta":[],"product_brand":[],"product_cat":[214,222],"product_tag":[256,247],"class_list":{"0":"post-42544","1":"product","2":"type-product","3":"status-publish","5":"product_cat-apisantos","6":"product_cat-tratamentos","7":"product_tag-apisantos","8":"product_tag-tratamentos","9":"description-off","11":"first","12":"instock","13":"taxable","14":"shipping-taxable","15":"purchasable","16":"product-type-simple"},"aioseo_notices":[],"_links":{"self":[{"href":"https:\/\/apisantos.com\/en\/wp-json\/wp\/v2\/product\/42544","targetHints":{"allow":["GET"]}}],"collection":[{"href":"https:\/\/apisantos.com\/en\/wp-json\/wp\/v2\/product"}],"about":[{"href":"https:\/\/apisantos.com\/en\/wp-json\/wp\/v2\/types\/product"}],"replies":[{"embeddable":true,"href":"https:\/\/apisantos.com\/en\/wp-json\/wp\/v2\/comments?post=42544"}],"wp:attachment":[{"href":"https:\/\/apisantos.com\/en\/wp-json\/wp\/v2\/media?parent=42544"}],"wp:term":[{"taxonomy":"product_brand","embeddable":true,"href":"https:\/\/apisantos.com\/en\/wp-json\/wp\/v2\/product_brand?post=42544"},{"taxonomy":"product_cat","embeddable":true,"href":"https:\/\/apisantos.com\/en\/wp-json\/wp\/v2\/product_cat?post=42544"},{"taxonomy":"product_tag","embeddable":true,"href":"https:\/\/apisantos.com\/en\/wp-json\/wp\/v2\/product_tag?post=42544"}],"curies":[{"name":"wp","href":"https:\/\/api.w.org\/{rel}","templated":true}]}}