{"id":42541,"date":"2026-02-14T20:48:27","date_gmt":"2026-02-14T20:48:27","guid":{"rendered":"https:\/\/apisantos.com\/?post_type=product&#038;p=42541"},"modified":"2026-02-14T20:50:31","modified_gmt":"2026-02-14T20:50:31","slug":"cabo-5-metros-para-ligacao-harpa-harpa","status":"publish","type":"product","link":"https:\/\/apisantos.com\/en\/loja-online\/apisantos\/tratamentos\/cabo-5-metros-para-ligacao-harpa-harpa\/","title":{"rendered":"Cabo 5 metros para liga\u00e7\u00e3o harpa-harpa"},"content":{"rendered":"<p>Cabo el\u00e9trico para liga\u00e7\u00e3o das arpas<\/p>\n<p>&nbsp;<\/p>\n<p>Cabo el\u00e9trico com 5 metros para poder ligar uma harpa na outra<\/p>\n","protected":false},"excerpt":{"rendered":"<p>Cabo el\u00e9trico para liga\u00e7\u00e3o das arpas &nbsp; Cabo el\u00e9trico com 5 metros para poder ligar uma harpa na outra<\/p>\n","protected":false},"featured_media":0,"comment_status":"open","ping_status":"closed","template":"","meta":[],"product_brand":[],"product_cat":[214,222],"product_tag":[256,247],"class_list":{"0":"post-42541","1":"product","2":"type-product","3":"status-publish","5":"product_cat-apisantos","6":"product_cat-tratamentos","7":"product_tag-apisantos","8":"product_tag-tratamentos","9":"description-off","11":"first","12":"instock","13":"taxable","14":"shipping-taxable","15":"purchasable","16":"product-type-simple"},"aioseo_notices":[],"_links":{"self":[{"href":"https:\/\/apisantos.com\/en\/wp-json\/wp\/v2\/product\/42541","targetHints":{"allow":["GET"]}}],"collection":[{"href":"https:\/\/apisantos.com\/en\/wp-json\/wp\/v2\/product"}],"about":[{"href":"https:\/\/apisantos.com\/en\/wp-json\/wp\/v2\/types\/product"}],"replies":[{"embeddable":true,"href":"https:\/\/apisantos.com\/en\/wp-json\/wp\/v2\/comments?post=42541"}],"wp:attachment":[{"href":"https:\/\/apisantos.com\/en\/wp-json\/wp\/v2\/media?parent=42541"}],"wp:term":[{"taxonomy":"product_brand","embeddable":true,"href":"https:\/\/apisantos.com\/en\/wp-json\/wp\/v2\/product_brand?post=42541"},{"taxonomy":"product_cat","embeddable":true,"href":"https:\/\/apisantos.com\/en\/wp-json\/wp\/v2\/product_cat?post=42541"},{"taxonomy":"product_tag","embeddable":true,"href":"https:\/\/apisantos.com\/en\/wp-json\/wp\/v2\/product_tag?post=42541"}],"curies":[{"name":"wp","href":"https:\/\/api.w.org\/{rel}","templated":true}]}}