{"id":42534,"date":"2026-02-14T20:10:14","date_gmt":"2026-02-14T20:10:14","guid":{"rendered":"https:\/\/apisantos.com\/?post_type=product&#038;p=42534"},"modified":"2026-02-14T20:27:23","modified_gmt":"2026-02-14T20:27:23","slug":"estrado-plastico-langstroth-normal","status":"publish","type":"product","link":"https:\/\/apisantos.com\/en\/loja-online\/apisantos\/langstroth\/estrado-plastico-langstroth-normal\/","title":{"rendered":"Estrado pl\u00e1stico langstroth normal"},"content":{"rendered":"<p>Estrado pl\u00e1stico langstroth normal<\/p>\n<p>&nbsp;<\/p>\n<p>Estrado em pl\u00e1stico para a colmeia langstroth com uma pequena abertura atras para ventila\u00e7\u00e3o<\/p>\n","protected":false},"excerpt":{"rendered":"<p>Estrado pl\u00e1stico langstroth normal &nbsp; Estrado em pl\u00e1stico para a colmeia langstroth com uma pequena abertura atras para ventila\u00e7\u00e3o<\/p>\n","protected":false},"featured_media":0,"comment_status":"open","ping_status":"closed","template":"","meta":[],"product_brand":[],"product_cat":[214,227],"product_tag":[256,244],"class_list":{"0":"post-42534","1":"product","2":"type-product","3":"status-publish","5":"product_cat-apisantos","6":"product_cat-langstroth","7":"product_tag-apisantos","8":"product_tag-langstroth","9":"description-off","11":"first","12":"outofstock","13":"taxable","14":"shipping-taxable","15":"purchasable","16":"product-type-simple"},"aioseo_notices":[],"_links":{"self":[{"href":"https:\/\/apisantos.com\/en\/wp-json\/wp\/v2\/product\/42534","targetHints":{"allow":["GET"]}}],"collection":[{"href":"https:\/\/apisantos.com\/en\/wp-json\/wp\/v2\/product"}],"about":[{"href":"https:\/\/apisantos.com\/en\/wp-json\/wp\/v2\/types\/product"}],"replies":[{"embeddable":true,"href":"https:\/\/apisantos.com\/en\/wp-json\/wp\/v2\/comments?post=42534"}],"wp:attachment":[{"href":"https:\/\/apisantos.com\/en\/wp-json\/wp\/v2\/media?parent=42534"}],"wp:term":[{"taxonomy":"product_brand","embeddable":true,"href":"https:\/\/apisantos.com\/en\/wp-json\/wp\/v2\/product_brand?post=42534"},{"taxonomy":"product_cat","embeddable":true,"href":"https:\/\/apisantos.com\/en\/wp-json\/wp\/v2\/product_cat?post=42534"},{"taxonomy":"product_tag","embeddable":true,"href":"https:\/\/apisantos.com\/en\/wp-json\/wp\/v2\/product_tag?post=42534"}],"curies":[{"name":"wp","href":"https:\/\/api.w.org\/{rel}","templated":true}]}}