{"id":42523,"date":"2026-02-14T19:15:47","date_gmt":"2026-02-14T19:15:47","guid":{"rendered":"https:\/\/apisantos.com\/?post_type=product&#038;p=42523"},"modified":"2026-02-14T19:15:47","modified_gmt":"2026-02-14T19:15:47","slug":"par-de-luvas-pele-e-rede","status":"publish","type":"product","link":"https:\/\/apisantos.com\/en\/loja-online\/apisantos\/equipamento\/par-de-luvas-pele-e-rede\/","title":{"rendered":"Par de luvas pele e rede"},"content":{"rendered":"<p>Par de luvas em pele e rede ventilada<\/p>\n<p>&nbsp;<\/p>\n<p>Luvas em pele na palma da m\u00e3o e 3 redes nas costas da m\u00e3o para uma melhor ventila\u00e7\u00e3o.<\/p>\n","protected":false},"excerpt":{"rendered":"<p>Par de luvas em pele e rede ventilada &nbsp; Luvas em pele na palma da m\u00e3o e 3 redes nas costas da m\u00e3o para uma melhor ventila\u00e7\u00e3o.<\/p>\n","protected":false},"featured_media":0,"comment_status":"open","ping_status":"closed","template":"","meta":[],"product_brand":[],"product_cat":[214,219],"product_tag":[256,241],"class_list":{"0":"post-42523","1":"product","2":"type-product","3":"status-publish","5":"product_cat-apisantos","6":"product_cat-equipamento","7":"product_tag-apisantos","8":"product_tag-equipamento","9":"description-off","11":"first","12":"instock","13":"taxable","14":"shipping-taxable","15":"purchasable","16":"product-type-simple"},"aioseo_notices":[],"_links":{"self":[{"href":"https:\/\/apisantos.com\/en\/wp-json\/wp\/v2\/product\/42523","targetHints":{"allow":["GET"]}}],"collection":[{"href":"https:\/\/apisantos.com\/en\/wp-json\/wp\/v2\/product"}],"about":[{"href":"https:\/\/apisantos.com\/en\/wp-json\/wp\/v2\/types\/product"}],"replies":[{"embeddable":true,"href":"https:\/\/apisantos.com\/en\/wp-json\/wp\/v2\/comments?post=42523"}],"wp:attachment":[{"href":"https:\/\/apisantos.com\/en\/wp-json\/wp\/v2\/media?parent=42523"}],"wp:term":[{"taxonomy":"product_brand","embeddable":true,"href":"https:\/\/apisantos.com\/en\/wp-json\/wp\/v2\/product_brand?post=42523"},{"taxonomy":"product_cat","embeddable":true,"href":"https:\/\/apisantos.com\/en\/wp-json\/wp\/v2\/product_cat?post=42523"},{"taxonomy":"product_tag","embeddable":true,"href":"https:\/\/apisantos.com\/en\/wp-json\/wp\/v2\/product_tag?post=42523"}],"curies":[{"name":"wp","href":"https:\/\/api.w.org\/{rel}","templated":true}]}}