{"id":42522,"date":"2026-02-14T11:48:44","date_gmt":"2026-02-14T11:48:44","guid":{"rendered":"https:\/\/apisantos.com\/?post_type=product&#038;p=42522"},"modified":"2026-02-14T19:12:08","modified_gmt":"2026-02-14T19:12:08","slug":"par-de-luvas-pele-crianca","status":"publish","type":"product","link":"https:\/\/apisantos.com\/en\/loja-online\/apisantos\/equipamento\/par-de-luvas-pele-crianca\/","title":{"rendered":"Par de luvas pele crian\u00e7a"},"content":{"rendered":"<p>Par de luvas em pele para crian\u00e7a<\/p>\n<p>&nbsp;<\/p>\n<p>Luvas em pele para uma melhor prote\u00e7\u00e3o nas m\u00e3os das crian\u00e7as<\/p>\n","protected":false},"excerpt":{"rendered":"<p>Par de luvas em pele para crian\u00e7a &nbsp; Luvas em pele para uma melhor prote\u00e7\u00e3o nas m\u00e3os das crian\u00e7as<\/p>\n","protected":false},"featured_media":0,"comment_status":"open","ping_status":"closed","template":"","meta":[],"product_brand":[],"product_cat":[214,219],"product_tag":[256,241],"class_list":{"0":"post-42522","1":"product","2":"type-product","3":"status-publish","5":"product_cat-apisantos","6":"product_cat-equipamento","7":"product_tag-apisantos","8":"product_tag-equipamento","9":"description-off","11":"first","12":"instock","13":"taxable","14":"shipping-taxable","15":"purchasable","16":"product-type-simple"},"aioseo_notices":[],"_links":{"self":[{"href":"https:\/\/apisantos.com\/en\/wp-json\/wp\/v2\/product\/42522","targetHints":{"allow":["GET"]}}],"collection":[{"href":"https:\/\/apisantos.com\/en\/wp-json\/wp\/v2\/product"}],"about":[{"href":"https:\/\/apisantos.com\/en\/wp-json\/wp\/v2\/types\/product"}],"replies":[{"embeddable":true,"href":"https:\/\/apisantos.com\/en\/wp-json\/wp\/v2\/comments?post=42522"}],"wp:attachment":[{"href":"https:\/\/apisantos.com\/en\/wp-json\/wp\/v2\/media?parent=42522"}],"wp:term":[{"taxonomy":"product_brand","embeddable":true,"href":"https:\/\/apisantos.com\/en\/wp-json\/wp\/v2\/product_brand?post=42522"},{"taxonomy":"product_cat","embeddable":true,"href":"https:\/\/apisantos.com\/en\/wp-json\/wp\/v2\/product_cat?post=42522"},{"taxonomy":"product_tag","embeddable":true,"href":"https:\/\/apisantos.com\/en\/wp-json\/wp\/v2\/product_tag?post=42522"}],"curies":[{"name":"wp","href":"https:\/\/api.w.org\/{rel}","templated":true}]}}