{"id":42520,"date":"2026-02-14T11:21:50","date_gmt":"2026-02-14T11:21:50","guid":{"rendered":"https:\/\/apisantos.com\/?post_type=product&#038;p=42520"},"modified":"2026-02-14T11:23:48","modified_gmt":"2026-02-14T11:23:48","slug":"sabonete-propolis-90g-ach-brito","status":"publish","type":"product","link":"https:\/\/apisantos.com\/en\/loja-online\/beeomel\/outros-beeomel\/sabonete-propolis-90g-ach-brito\/","title":{"rendered":"Sabonete PROPOLIS 90g ACH BRITO"},"content":{"rendered":"<p>Sabonete de propolis da ACH BRITO<\/p>\n<p>&nbsp;<\/p>\n<p>Com um agrad\u00e1vel perfume a mel, o sabonete Pr\u00f3polis, com base de sab\u00e3o vegetal, \u00e9 enriquecido com extrato de pr\u00f3polis.<br \/>\nIdeal para limpar a pele.<\/p>\n<p>Leite Morno, Mel Delicado, Creme de Coco, A\u00e7\u00facar Caramelizado<\/p>\n<p>Modo de utiliza\u00e7\u00e3o<br \/>\nModo de Uso<br \/>\n1 Humedecer a pele com \u00e1gua.<br \/>\n2 Aplicar o sabonete at\u00e9 formar espuma.<br \/>\n3 Massajar delicadamente.<br \/>\n4 Enxaguar com \u00e1gua.<br \/>\n5 Secar suavemente com toalha macia.<\/p>\n<p>Cuidados com o seu sabonete<br \/>\nPara prolongar a vida \u00fatil do seu sabonete, guarde-o ap\u00f3s cada utiliza\u00e7\u00e3o num local fresco, seco e bem ventilado, longe da luz solar direta.<br \/>\nEsse cuidado simples preserva a textura e o aroma natural por muito mais tempo.<br \/>\nCom pequenos gestos como esse, voc\u00ea valoriza a qualidade do produto e transforma sua rotina de autocuidado em um momento ainda mais agrad\u00e1vel.<\/p>\n","protected":false},"excerpt":{"rendered":"<p>Sabonete de propolis da ACH BRITO &nbsp; Com um agrad\u00e1vel perfume a mel, o sabonete Pr\u00f3polis, com base de sab\u00e3o vegetal, \u00e9 enriquecido com extrato de pr\u00f3polis. Ideal para limpar a pele. Leite Morno, Mel Delicado, Creme de Coco, A\u00e7\u00facar Caramelizado Modo de utiliza\u00e7\u00e3o Modo de Uso 1 Humedecer a pele com \u00e1gua. 2 Aplicar&hellip;<\/p>\n","protected":false},"featured_media":42516,"comment_status":"open","ping_status":"closed","template":"","meta":[],"product_brand":[],"product_cat":[216,237],"product_tag":[256,272],"class_list":{"0":"post-42520","1":"product","2":"type-product","3":"status-publish","4":"has-post-thumbnail","6":"product_cat-beeomel","7":"product_cat-outros-beeomel","8":"product_tag-apisantos","9":"product_tag-cosmetica","10":"description-off","12":"first","13":"instock","14":"taxable","15":"shipping-taxable","16":"purchasable","17":"product-type-simple"},"aioseo_notices":[],"_links":{"self":[{"href":"https:\/\/apisantos.com\/en\/wp-json\/wp\/v2\/product\/42520","targetHints":{"allow":["GET"]}}],"collection":[{"href":"https:\/\/apisantos.com\/en\/wp-json\/wp\/v2\/product"}],"about":[{"href":"https:\/\/apisantos.com\/en\/wp-json\/wp\/v2\/types\/product"}],"replies":[{"embeddable":true,"href":"https:\/\/apisantos.com\/en\/wp-json\/wp\/v2\/comments?post=42520"}],"wp:featuredmedia":[{"embeddable":true,"href":"https:\/\/apisantos.com\/en\/wp-json\/wp\/v2\/media\/42516"}],"wp:attachment":[{"href":"https:\/\/apisantos.com\/en\/wp-json\/wp\/v2\/media?parent=42520"}],"wp:term":[{"taxonomy":"product_brand","embeddable":true,"href":"https:\/\/apisantos.com\/en\/wp-json\/wp\/v2\/product_brand?post=42520"},{"taxonomy":"product_cat","embeddable":true,"href":"https:\/\/apisantos.com\/en\/wp-json\/wp\/v2\/product_cat?post=42520"},{"taxonomy":"product_tag","embeddable":true,"href":"https:\/\/apisantos.com\/en\/wp-json\/wp\/v2\/product_tag?post=42520"}],"curies":[{"name":"wp","href":"https:\/\/api.w.org\/{rel}","templated":true}]}}