{"id":42518,"date":"2026-02-14T11:15:40","date_gmt":"2026-02-14T11:15:40","guid":{"rendered":"https:\/\/apisantos.com\/?post_type=product&#038;p=42518"},"modified":"2026-02-14T11:15:40","modified_gmt":"2026-02-14T11:15:40","slug":"sabonete-leite-de-cabra-90g-ach-brito","status":"publish","type":"product","link":"https:\/\/apisantos.com\/en\/loja-online\/beeomel\/outros-beeomel\/sabonete-leite-de-cabra-90g-ach-brito\/","title":{"rendered":"Sabonete LEITE DE CABRA 90g ACH BRITO"},"content":{"rendered":"<p>Sabonete de leite de cabra da ACH BRITO<\/p>\n<p>&nbsp;<\/p>\n<p>Produzido com base de sab\u00e3o vegetal e enriquecido leite de cabra, este sabonete deixa a pele limpa e delicadamente perfumada com uma fragr\u00e2ncia de leite e avel\u00e3.<\/p>\n<p>Notas de topo: Leite, P\u00f3 de Avel\u00e3<br \/>\nNotas de cora\u00e7\u00e3o: Doce de Leite, Macadamia<br \/>\nNotas de fundo: Baunilha, Creme e Arroz<\/p>\n<p>Modo de utiliza\u00e7\u00e3o<br \/>\nModo de Uso<br \/>\n1 Humedecer a pele com \u00e1gua.<br \/>\n2 Aplicar o sabonete at\u00e9 formar espuma.<br \/>\n3 Massajar delicadamente.<br \/>\n4 Enxaguar com \u00e1gua.<br \/>\n5 Secar suavemente com toalha macia.<\/p>\n<p>Cuidados com o seu sabonete<br \/>\nPara prolongar a vida \u00fatil do seu sabonete, guarde-o ap\u00f3s cada utiliza\u00e7\u00e3o num local fresco, seco e bem ventilado, longe da luz solar direta.<br \/>\nEsse cuidado simples preserva a textura e o aroma natural por muito mais tempo.<br \/>\nCom pequenos gestos como esse, voc\u00ea valoriza a qualidade do produto e transforma sua rotina de autocuidado em um momento ainda mais agrad\u00e1vel.<\/p>\n","protected":false},"excerpt":{"rendered":"<p>Sabonete de leite de cabra da ACH BRITO &nbsp; Produzido com base de sab\u00e3o vegetal e enriquecido leite de cabra, este sabonete deixa a pele limpa e delicadamente perfumada com uma fragr\u00e2ncia de leite e avel\u00e3. Notas de topo: Leite, P\u00f3 de Avel\u00e3 Notas de cora\u00e7\u00e3o: Doce de Leite, Macadamia Notas de fundo: Baunilha, Creme&hellip;<\/p>\n","protected":false},"featured_media":42512,"comment_status":"open","ping_status":"closed","template":"","meta":[],"product_brand":[],"product_cat":[216,237],"product_tag":[256,272],"class_list":{"0":"post-42518","1":"product","2":"type-product","3":"status-publish","4":"has-post-thumbnail","6":"product_cat-beeomel","7":"product_cat-outros-beeomel","8":"product_tag-apisantos","9":"product_tag-cosmetica","10":"description-off","12":"first","13":"instock","14":"taxable","15":"shipping-taxable","16":"purchasable","17":"product-type-simple"},"aioseo_notices":[],"_links":{"self":[{"href":"https:\/\/apisantos.com\/en\/wp-json\/wp\/v2\/product\/42518","targetHints":{"allow":["GET"]}}],"collection":[{"href":"https:\/\/apisantos.com\/en\/wp-json\/wp\/v2\/product"}],"about":[{"href":"https:\/\/apisantos.com\/en\/wp-json\/wp\/v2\/types\/product"}],"replies":[{"embeddable":true,"href":"https:\/\/apisantos.com\/en\/wp-json\/wp\/v2\/comments?post=42518"}],"wp:featuredmedia":[{"embeddable":true,"href":"https:\/\/apisantos.com\/en\/wp-json\/wp\/v2\/media\/42512"}],"wp:attachment":[{"href":"https:\/\/apisantos.com\/en\/wp-json\/wp\/v2\/media?parent=42518"}],"wp:term":[{"taxonomy":"product_brand","embeddable":true,"href":"https:\/\/apisantos.com\/en\/wp-json\/wp\/v2\/product_brand?post=42518"},{"taxonomy":"product_cat","embeddable":true,"href":"https:\/\/apisantos.com\/en\/wp-json\/wp\/v2\/product_cat?post=42518"},{"taxonomy":"product_tag","embeddable":true,"href":"https:\/\/apisantos.com\/en\/wp-json\/wp\/v2\/product_tag?post=42518"}],"curies":[{"name":"wp","href":"https:\/\/api.w.org\/{rel}","templated":true}]}}