{"id":42503,"date":"2026-02-14T11:08:05","date_gmt":"2026-02-14T11:08:05","guid":{"rendered":"https:\/\/apisantos.com\/?post_type=product&#038;p=42503"},"modified":"2026-02-14T11:08:06","modified_gmt":"2026-02-14T11:08:06","slug":"sabonete-alcatrao-90g-ach-brito","status":"publish","type":"product","link":"https:\/\/apisantos.com\/en\/loja-online\/beeomel\/outros-beeomel\/sabonete-alcatrao-90g-ach-brito\/","title":{"rendered":"Sabonete ALCATR\u00c3O 90g ACH BRITO"},"content":{"rendered":"<p>Sabonete de alcatr\u00e3o da ACH BRITO<\/p>\n<p>&nbsp;<\/p>\n<p>O sabonete Alcatr\u00e3o foi um dos primeiros sabonetes portugueses a ser produzido com alcatr\u00e3o vegetal de pinho.<\/p>\n<p>Modo de utiliza\u00e7\u00e3o<br \/>\nModo de Uso<br \/>\n1 Humedecer a pele com \u00e1gua morna.<br \/>\n2 Aplicar o sabonete, massajando suavemente at\u00e9 formar espuma.<br \/>\n3 Enxaguar bem com \u00e1gua abundante.<br \/>\n4 Secar delicadamente com toalha macia.<\/p>\n<p>Precau\u00e7\u00f5es:<br \/>\nN\u00e3o utilizar em peles sens\u00edveis, feridas, infe\u00e7\u00f5es ou inflama\u00e7\u00f5es.<br \/>\nEm caso de irrita\u00e7\u00e3o, suspender o uso e procurar orienta\u00e7\u00e3o m\u00e9dica.<\/p>\n<p>Cuidados com o seu sabonete<br \/>\nPara prolongar a vida \u00fatil do seu sabonete, guarde-o ap\u00f3s cada utiliza\u00e7\u00e3o num local fresco, seco e bem ventilado, longe da luz solar direta.<br \/>\nEsse cuidado simples preserva a textura e o aroma natural.<br \/>\nCom pequenos gestos como esse, voc\u00ea valoriza a qualidade do produto e transforma a sua rotina de autocuidado em um momento ainda mais agrad\u00e1vel.<\/p>\n","protected":false},"excerpt":{"rendered":"<p>Sabonete de alcatr\u00e3o da ACH BRITO &nbsp; O sabonete Alcatr\u00e3o foi um dos primeiros sabonetes portugueses a ser produzido com alcatr\u00e3o vegetal de pinho. Modo de utiliza\u00e7\u00e3o Modo de Uso 1 Humedecer a pele com \u00e1gua morna. 2 Aplicar o sabonete, massajando suavemente at\u00e9 formar espuma. 3 Enxaguar bem com \u00e1gua abundante. 4 Secar delicadamente&hellip;<\/p>\n","protected":false},"featured_media":42506,"comment_status":"open","ping_status":"closed","template":"","meta":[],"product_brand":[],"product_cat":[216,237],"product_tag":[256,272],"class_list":{"0":"post-42503","1":"product","2":"type-product","3":"status-publish","4":"has-post-thumbnail","6":"product_cat-beeomel","7":"product_cat-outros-beeomel","8":"product_tag-apisantos","9":"product_tag-cosmetica","10":"description-off","12":"first","13":"instock","14":"taxable","15":"shipping-taxable","16":"purchasable","17":"product-type-simple"},"aioseo_notices":[],"_links":{"self":[{"href":"https:\/\/apisantos.com\/en\/wp-json\/wp\/v2\/product\/42503","targetHints":{"allow":["GET"]}}],"collection":[{"href":"https:\/\/apisantos.com\/en\/wp-json\/wp\/v2\/product"}],"about":[{"href":"https:\/\/apisantos.com\/en\/wp-json\/wp\/v2\/types\/product"}],"replies":[{"embeddable":true,"href":"https:\/\/apisantos.com\/en\/wp-json\/wp\/v2\/comments?post=42503"}],"wp:featuredmedia":[{"embeddable":true,"href":"https:\/\/apisantos.com\/en\/wp-json\/wp\/v2\/media\/42506"}],"wp:attachment":[{"href":"https:\/\/apisantos.com\/en\/wp-json\/wp\/v2\/media?parent=42503"}],"wp:term":[{"taxonomy":"product_brand","embeddable":true,"href":"https:\/\/apisantos.com\/en\/wp-json\/wp\/v2\/product_brand?post=42503"},{"taxonomy":"product_cat","embeddable":true,"href":"https:\/\/apisantos.com\/en\/wp-json\/wp\/v2\/product_cat?post=42503"},{"taxonomy":"product_tag","embeddable":true,"href":"https:\/\/apisantos.com\/en\/wp-json\/wp\/v2\/product_tag?post=42503"}],"curies":[{"name":"wp","href":"https:\/\/api.w.org\/{rel}","templated":true}]}}