{"id":42276,"date":"2025-03-06T09:39:26","date_gmt":"2025-03-06T09:39:26","guid":{"rendered":"https:\/\/apisantos.com\/?post_type=product&#038;p=42276"},"modified":"2026-02-12T18:11:13","modified_gmt":"2026-02-12T18:11:13","slug":"meias-tema-abelha","status":"publish","type":"product","link":"https:\/\/apisantos.com\/en\/loja-online\/brinquedos\/meias-tema-abelha\/","title":{"rendered":"Meias &#8220;tema abelha&#8221;"},"content":{"rendered":"<p>MEIAS COM TEMA DE ABELHA <\/p>\n<p>Composi\u00e7\u00e3o: 95% Poli\u00e9ster, 5% Elastano<\/p>\n<p>Material: Poli\u00e9ster<\/p>\n<p>Instru\u00e7\u00f5es de cuidados: Lavagem \u00e0 m\u00e3o ou limpeza a seco<\/p>\n<p>&nbsp;<\/p>\n<p><strong>EAN: 5600419281035<\/strong><\/p>\n<p>&nbsp;<\/p>\n<p>Tema: MEIAS<\/p>\n","protected":false},"excerpt":{"rendered":"<p>MEIAS COM TEMA DE ABELHA Composi\u00e7\u00e3o: 95% Poli\u00e9ster, 5% Elastano Material: Poli\u00e9ster Instru\u00e7\u00f5es de cuidados: Lavagem \u00e0 m\u00e3o ou limpeza a seco &nbsp; EAN: 5600419281035 &nbsp; Tema: MEIAS<\/p>\n","protected":false},"featured_media":42277,"comment_status":"open","ping_status":"closed","template":"","meta":[],"product_brand":[],"product_cat":[282],"product_tag":[283],"class_list":{"0":"post-42276","1":"product","2":"type-product","3":"status-publish","4":"has-post-thumbnail","6":"product_cat-brinquedos","7":"product_tag-brinquedos","8":"description-off","10":"first","11":"instock","12":"taxable","13":"shipping-taxable","14":"purchasable","15":"product-type-simple"},"aioseo_notices":[],"_links":{"self":[{"href":"https:\/\/apisantos.com\/en\/wp-json\/wp\/v2\/product\/42276","targetHints":{"allow":["GET"]}}],"collection":[{"href":"https:\/\/apisantos.com\/en\/wp-json\/wp\/v2\/product"}],"about":[{"href":"https:\/\/apisantos.com\/en\/wp-json\/wp\/v2\/types\/product"}],"replies":[{"embeddable":true,"href":"https:\/\/apisantos.com\/en\/wp-json\/wp\/v2\/comments?post=42276"}],"wp:featuredmedia":[{"embeddable":true,"href":"https:\/\/apisantos.com\/en\/wp-json\/wp\/v2\/media\/42277"}],"wp:attachment":[{"href":"https:\/\/apisantos.com\/en\/wp-json\/wp\/v2\/media?parent=42276"}],"wp:term":[{"taxonomy":"product_brand","embeddable":true,"href":"https:\/\/apisantos.com\/en\/wp-json\/wp\/v2\/product_brand?post=42276"},{"taxonomy":"product_cat","embeddable":true,"href":"https:\/\/apisantos.com\/en\/wp-json\/wp\/v2\/product_cat?post=42276"},{"taxonomy":"product_tag","embeddable":true,"href":"https:\/\/apisantos.com\/en\/wp-json\/wp\/v2\/product_tag?post=42276"}],"curies":[{"name":"wp","href":"https:\/\/api.w.org\/{rel}","templated":true}]}}