{"id":42248,"date":"2025-03-05T10:26:03","date_gmt":"2025-03-05T10:26:03","guid":{"rendered":"https:\/\/apisantos.com\/?post_type=product&#038;p=42248"},"modified":"2026-02-13T08:59:32","modified_gmt":"2026-02-13T08:59:32","slug":"fato-paq-crianca-com-mascara","status":"publish","type":"product","link":"https:\/\/apisantos.com\/en\/loja-online\/apisantos\/equipamento\/fato-paq-crianca-com-mascara\/","title":{"rendered":"Fato paq crian\u00e7a 6 &#8211; 8 &#8211; 10 &#8211; 12 &#8211; 14"},"content":{"rendered":"<p>Fato de apicultor de crian\u00e7a em pano grosso de sarja branco com m\u00e1scara sacar<\/p>\n<p>&nbsp;<\/p>\n<p><strong>EAN: 5600419281325<\/strong><\/p>\n<p>&nbsp;<\/p>\n<p style=\"text-align: left\"><em><strong>Tamanhos:\u00a0 (XS) 6 anos *\u00a0 (S) 8 anos\u00a0 *\u00a0 (M) 10 anos\u00a0 *\u00a0 (L) 12 anos\u00a0 *\u00a0 (XL) 14 anos<\/strong><\/em><\/p>\n","protected":false},"excerpt":{"rendered":"<p>Fato de apicultor de crian\u00e7a em pano grosso de sarja branco com m\u00e1scara sacar &nbsp; EAN: 5600419281325 &nbsp; Tamanhos:\u00a0 (XS) 6 anos *\u00a0 (S) 8 anos\u00a0 *\u00a0 (M) 10 anos\u00a0 *\u00a0 (L) 12 anos\u00a0 *\u00a0 (XL) 14 anos<\/p>\n","protected":false},"featured_media":0,"comment_status":"open","ping_status":"closed","template":"","meta":[],"product_brand":[],"product_cat":[214,219],"product_tag":[256,241],"class_list":{"0":"post-42248","1":"product","2":"type-product","3":"status-publish","5":"product_cat-apisantos","6":"product_cat-equipamento","7":"product_tag-apisantos","8":"product_tag-equipamento","9":"description-off","11":"first","12":"instock","13":"taxable","14":"shipping-taxable","15":"purchasable","16":"product-type-simple"},"aioseo_notices":[],"_links":{"self":[{"href":"https:\/\/apisantos.com\/en\/wp-json\/wp\/v2\/product\/42248","targetHints":{"allow":["GET"]}}],"collection":[{"href":"https:\/\/apisantos.com\/en\/wp-json\/wp\/v2\/product"}],"about":[{"href":"https:\/\/apisantos.com\/en\/wp-json\/wp\/v2\/types\/product"}],"replies":[{"embeddable":true,"href":"https:\/\/apisantos.com\/en\/wp-json\/wp\/v2\/comments?post=42248"}],"wp:attachment":[{"href":"https:\/\/apisantos.com\/en\/wp-json\/wp\/v2\/media?parent=42248"}],"wp:term":[{"taxonomy":"product_brand","embeddable":true,"href":"https:\/\/apisantos.com\/en\/wp-json\/wp\/v2\/product_brand?post=42248"},{"taxonomy":"product_cat","embeddable":true,"href":"https:\/\/apisantos.com\/en\/wp-json\/wp\/v2\/product_cat?post=42248"},{"taxonomy":"product_tag","embeddable":true,"href":"https:\/\/apisantos.com\/en\/wp-json\/wp\/v2\/product_tag?post=42248"}],"curies":[{"name":"wp","href":"https:\/\/api.w.org\/{rel}","templated":true}]}}