{"id":42104,"date":"2022-11-03T11:21:14","date_gmt":"2022-11-03T11:21:14","guid":{"rendered":"https:\/\/apisantos.com\/?post_type=product&#038;p=42104"},"modified":"2026-02-13T09:02:23","modified_gmt":"2026-02-13T09:02:23","slug":"bebedouro-em-plastico-de-10l","status":"publish","type":"product","link":"https:\/\/apisantos.com\/en\/loja-online\/apisantos\/utensilios\/bebedouro-em-plastico-de-10l\/","title":{"rendered":"Bebedouro em pl\u00e1stico de 10L"},"content":{"rendered":"<p>Bebedouro em pl\u00e1stico para \u00e1gua ou alimento l\u00edquido para abelhas com a capacidade de 10 litros<\/p>\n<p>&nbsp;<\/p>\n<p><strong>EAN: 5600419250611<\/strong><\/p>\n","protected":false},"excerpt":{"rendered":"<p>Bebedouro em pl\u00e1stico para \u00e1gua ou alimento l\u00edquido para abelhas com a capacidade de 10 litros &nbsp; EAN: 5600419250611<\/p>\n","protected":false},"featured_media":42105,"comment_status":"open","ping_status":"closed","template":"","meta":[],"product_brand":[],"product_cat":[214,221],"product_tag":[256,261],"class_list":{"0":"post-42104","1":"product","2":"type-product","3":"status-publish","4":"has-post-thumbnail","6":"product_cat-apisantos","7":"product_cat-utensilios","8":"product_tag-apisantos","9":"product_tag-utensilios","10":"description-off","12":"first","13":"outofstock","14":"taxable","15":"shipping-taxable","16":"purchasable","17":"product-type-simple"},"aioseo_notices":[],"_links":{"self":[{"href":"https:\/\/apisantos.com\/en\/wp-json\/wp\/v2\/product\/42104","targetHints":{"allow":["GET"]}}],"collection":[{"href":"https:\/\/apisantos.com\/en\/wp-json\/wp\/v2\/product"}],"about":[{"href":"https:\/\/apisantos.com\/en\/wp-json\/wp\/v2\/types\/product"}],"replies":[{"embeddable":true,"href":"https:\/\/apisantos.com\/en\/wp-json\/wp\/v2\/comments?post=42104"}],"wp:featuredmedia":[{"embeddable":true,"href":"https:\/\/apisantos.com\/en\/wp-json\/wp\/v2\/media\/42105"}],"wp:attachment":[{"href":"https:\/\/apisantos.com\/en\/wp-json\/wp\/v2\/media?parent=42104"}],"wp:term":[{"taxonomy":"product_brand","embeddable":true,"href":"https:\/\/apisantos.com\/en\/wp-json\/wp\/v2\/product_brand?post=42104"},{"taxonomy":"product_cat","embeddable":true,"href":"https:\/\/apisantos.com\/en\/wp-json\/wp\/v2\/product_cat?post=42104"},{"taxonomy":"product_tag","embeddable":true,"href":"https:\/\/apisantos.com\/en\/wp-json\/wp\/v2\/product_tag?post=42104"}],"curies":[{"name":"wp","href":"https:\/\/api.w.org\/{rel}","templated":true}]}}