{"id":41946,"date":"2022-10-25T09:51:45","date_gmt":"2022-10-25T09:51:45","guid":{"rendered":"https:\/\/apisantos.com\/?post_type=product&#038;p=41946"},"modified":"2026-02-13T09:04:40","modified_gmt":"2026-02-13T09:04:40","slug":"mini-cantaro-de-agua-75g","status":"publish","type":"product","link":"https:\/\/apisantos.com\/en\/loja-online\/casa-santos\/mel\/mini-cantaro-de-agua-75g\/","title":{"rendered":"Mini c\u00e2ntaro de \u00e1gua 75g"},"content":{"rendered":"<p>Mini c\u00e2ntaro de \u00e1gua de barro vermelho com capacidade de 75g<\/p>\n<p>&nbsp;<\/p>\n<p><strong>EAN: 5600419280816<\/strong><\/p>\n<p>&nbsp;<\/p>\n<p>TIPO DE MEL: Urze ou Rosmaninho<\/p>\n","protected":false},"excerpt":{"rendered":"<p>Mini c\u00e2ntaro de \u00e1gua de barro vermelho com capacidade de 75g &nbsp; EAN: 5600419280816 &nbsp; TIPO DE MEL: Urze ou Rosmaninho<\/p>\n","protected":false},"featured_media":42035,"comment_status":"open","ping_status":"closed","template":"","meta":[],"product_brand":[],"product_cat":[215,229],"product_tag":[259,248],"class_list":{"0":"post-41946","1":"product","2":"type-product","3":"status-publish","4":"has-post-thumbnail","6":"product_cat-casa-santos","7":"product_cat-mel","8":"product_tag-casa-santos","9":"product_tag-mel","10":"description-off","12":"first","13":"instock","14":"taxable","15":"shipping-taxable","16":"purchasable","17":"product-type-simple"},"aioseo_notices":[],"_links":{"self":[{"href":"https:\/\/apisantos.com\/en\/wp-json\/wp\/v2\/product\/41946","targetHints":{"allow":["GET"]}}],"collection":[{"href":"https:\/\/apisantos.com\/en\/wp-json\/wp\/v2\/product"}],"about":[{"href":"https:\/\/apisantos.com\/en\/wp-json\/wp\/v2\/types\/product"}],"replies":[{"embeddable":true,"href":"https:\/\/apisantos.com\/en\/wp-json\/wp\/v2\/comments?post=41946"}],"wp:featuredmedia":[{"embeddable":true,"href":"https:\/\/apisantos.com\/en\/wp-json\/wp\/v2\/media\/42035"}],"wp:attachment":[{"href":"https:\/\/apisantos.com\/en\/wp-json\/wp\/v2\/media?parent=41946"}],"wp:term":[{"taxonomy":"product_brand","embeddable":true,"href":"https:\/\/apisantos.com\/en\/wp-json\/wp\/v2\/product_brand?post=41946"},{"taxonomy":"product_cat","embeddable":true,"href":"https:\/\/apisantos.com\/en\/wp-json\/wp\/v2\/product_cat?post=41946"},{"taxonomy":"product_tag","embeddable":true,"href":"https:\/\/apisantos.com\/en\/wp-json\/wp\/v2\/product_tag?post=41946"}],"curies":[{"name":"wp","href":"https:\/\/api.w.org\/{rel}","templated":true}]}}