{"id":41940,"date":"2022-10-25T09:36:49","date_gmt":"2022-10-25T09:36:49","guid":{"rendered":"https:\/\/apisantos.com\/?post_type=product&#038;p=41940"},"modified":"2026-02-13T09:05:52","modified_gmt":"2026-02-13T09:05:52","slug":"embalagem-com-chupas-coracao-18uni","status":"publish","type":"product","link":"https:\/\/apisantos.com\/en\/loja-online\/casa-santos\/outros-casa-santos\/embalagem-com-chupas-coracao-18uni\/","title":{"rendered":"Embalagem com chupas cora\u00e7\u00e3o (18uni)"},"content":{"rendered":"<p>Embalagem com 18 chupas de mel com formato cora\u00e7\u00e3o.<br \/>\nChupas \u00e0 base de mel e xarope de glucose, com sabor a morango e em forma de cora\u00e7\u00f5es vermelhos.<\/p>\n<p>&nbsp;<\/p>\n<p><strong>EAN: 5600419280700<\/strong><\/p>\n<p>&nbsp;<\/p>\n<p>MODELO: CHUPAS CORA\u00c7\u00c3O<\/p>\n","protected":false},"excerpt":{"rendered":"<p>Desfrutar do sabor a morango e mel, de uma forma divertida ou com um cora\u00e7\u00e3o apaixonado\u2026<\/p>\n","protected":false},"featured_media":41943,"comment_status":"open","ping_status":"closed","template":"","meta":[],"product_brand":[],"product_cat":[215,233],"product_tag":[259,274],"class_list":{"0":"post-41940","1":"product","2":"type-product","3":"status-publish","4":"has-post-thumbnail","6":"product_cat-casa-santos","7":"product_cat-outros-casa-santos","8":"product_tag-casa-santos","9":"product_tag-outros","10":"description-off","12":"first","13":"instock","14":"taxable","15":"shipping-taxable","16":"purchasable","17":"product-type-simple"},"aioseo_notices":[],"_links":{"self":[{"href":"https:\/\/apisantos.com\/en\/wp-json\/wp\/v2\/product\/41940","targetHints":{"allow":["GET"]}}],"collection":[{"href":"https:\/\/apisantos.com\/en\/wp-json\/wp\/v2\/product"}],"about":[{"href":"https:\/\/apisantos.com\/en\/wp-json\/wp\/v2\/types\/product"}],"replies":[{"embeddable":true,"href":"https:\/\/apisantos.com\/en\/wp-json\/wp\/v2\/comments?post=41940"}],"wp:featuredmedia":[{"embeddable":true,"href":"https:\/\/apisantos.com\/en\/wp-json\/wp\/v2\/media\/41943"}],"wp:attachment":[{"href":"https:\/\/apisantos.com\/en\/wp-json\/wp\/v2\/media?parent=41940"}],"wp:term":[{"taxonomy":"product_brand","embeddable":true,"href":"https:\/\/apisantos.com\/en\/wp-json\/wp\/v2\/product_brand?post=41940"},{"taxonomy":"product_cat","embeddable":true,"href":"https:\/\/apisantos.com\/en\/wp-json\/wp\/v2\/product_cat?post=41940"},{"taxonomy":"product_tag","embeddable":true,"href":"https:\/\/apisantos.com\/en\/wp-json\/wp\/v2\/product_tag?post=41940"}],"curies":[{"name":"wp","href":"https:\/\/api.w.org\/{rel}","templated":true}]}}