{"id":41898,"date":"2022-08-17T16:41:23","date_gmt":"2022-08-17T16:41:23","guid":{"rendered":"https:\/\/apisantos.com\/?post_type=product&#038;p=41898"},"modified":"2026-02-13T09:13:53","modified_gmt":"2026-02-13T09:13:53","slug":"fato-anti-velutina","status":"publish","type":"product","link":"https:\/\/apisantos.com\/en\/loja-online\/apisantos\/equipamento\/fato-anti-velutina\/","title":{"rendered":"Fato ANTI-VELUTINA com botas e luvas"},"content":{"rendered":"<p>Fato ANTI-VELUTINA, preparado para combater a Vespa velutina. \u00c9 um Fato totalmente isolado com viseira em pl\u00e1stico e \u00f3culos de prote\u00e7\u00e3o. <\/p>\n<p>Vem equipado com botas de \u00e1gua e luvas. Tem tamb\u00e9m uma ventoinha no chap\u00e9u para arrefecimento. Ligar a uma powerbank<\/p>\n<p>&nbsp;<\/p>\n<p><strong>EAN: 5600419230712<\/strong><\/p>\n<p>&nbsp;<\/p>\n<p style=\"text-align: left\"><em><strong>Tamanhos:\u00a0 \u00daNICO<\/strong><\/em><\/p>\n","protected":false},"excerpt":{"rendered":"<p>Fato ANTI-VELUTINA, preparado para combater a Vespa velutina. \u00c9 um Fato totalmente isolado com viseira em pl\u00e1stico e \u00f3culos de prote\u00e7\u00e3o. Vem equipado com botas de \u00e1gua e luvas. Tem tamb\u00e9m uma ventoinha no chap\u00e9u para arrefecimento. Ligar a uma powerbank &nbsp; EAN: 5600419230712 &nbsp; Tamanhos:\u00a0 \u00daNICO<\/p>\n","protected":false},"featured_media":41973,"comment_status":"open","ping_status":"closed","template":"","meta":[],"product_brand":[],"product_cat":[214,219],"product_tag":[256,241],"class_list":{"0":"post-41898","1":"product","2":"type-product","3":"status-publish","4":"has-post-thumbnail","6":"product_cat-apisantos","7":"product_cat-equipamento","8":"product_tag-apisantos","9":"product_tag-equipamento","10":"description-off","12":"first","13":"instock","14":"featured","15":"taxable","16":"shipping-taxable","17":"purchasable","18":"product-type-simple"},"aioseo_notices":[],"_links":{"self":[{"href":"https:\/\/apisantos.com\/en\/wp-json\/wp\/v2\/product\/41898","targetHints":{"allow":["GET"]}}],"collection":[{"href":"https:\/\/apisantos.com\/en\/wp-json\/wp\/v2\/product"}],"about":[{"href":"https:\/\/apisantos.com\/en\/wp-json\/wp\/v2\/types\/product"}],"replies":[{"embeddable":true,"href":"https:\/\/apisantos.com\/en\/wp-json\/wp\/v2\/comments?post=41898"}],"wp:featuredmedia":[{"embeddable":true,"href":"https:\/\/apisantos.com\/en\/wp-json\/wp\/v2\/media\/41973"}],"wp:attachment":[{"href":"https:\/\/apisantos.com\/en\/wp-json\/wp\/v2\/media?parent=41898"}],"wp:term":[{"taxonomy":"product_brand","embeddable":true,"href":"https:\/\/apisantos.com\/en\/wp-json\/wp\/v2\/product_brand?post=41898"},{"taxonomy":"product_cat","embeddable":true,"href":"https:\/\/apisantos.com\/en\/wp-json\/wp\/v2\/product_cat?post=41898"},{"taxonomy":"product_tag","embeddable":true,"href":"https:\/\/apisantos.com\/en\/wp-json\/wp\/v2\/product_tag?post=41898"}],"curies":[{"name":"wp","href":"https:\/\/api.w.org\/{rel}","templated":true}]}}