{"id":41851,"date":"2022-01-13T18:55:25","date_gmt":"2022-01-13T18:55:25","guid":{"rendered":"https:\/\/apisantos.com\/?post_type=product&#038;p=41851"},"modified":"2026-02-13T09:19:33","modified_gmt":"2026-02-13T09:19:33","slug":"fumigador-grande-inox-eletrico","status":"publish","type":"product","link":"https:\/\/apisantos.com\/en\/loja-online\/apisantos\/ferramentas\/fumigador-grande-inox-eletrico\/","title":{"rendered":"Fumigador crian\u00e7a BEE"},"content":{"rendered":"<p>Fumigador pequeno para crian\u00e7as com prote\u00e7\u00e3o lateral e prote\u00e7\u00e3o contra chama<\/p>\n<p>&nbsp;<\/p>\n","protected":false},"excerpt":{"rendered":"<p>Fumigador pequeno para crian\u00e7as com prote\u00e7\u00e3o lateral e prote\u00e7\u00e3o contra chama &nbsp;<\/p>\n","protected":false},"featured_media":0,"comment_status":"open","ping_status":"closed","template":"","meta":[],"product_brand":[],"product_cat":[214,220],"product_tag":[256,243],"class_list":{"0":"post-41851","1":"product","2":"type-product","3":"status-publish","5":"product_cat-apisantos","6":"product_cat-ferramentas","7":"product_tag-apisantos","8":"product_tag-ferramentas","9":"description-off","11":"first","12":"instock","13":"taxable","14":"shipping-taxable","15":"purchasable","16":"product-type-simple"},"aioseo_notices":[],"_links":{"self":[{"href":"https:\/\/apisantos.com\/en\/wp-json\/wp\/v2\/product\/41851","targetHints":{"allow":["GET"]}}],"collection":[{"href":"https:\/\/apisantos.com\/en\/wp-json\/wp\/v2\/product"}],"about":[{"href":"https:\/\/apisantos.com\/en\/wp-json\/wp\/v2\/types\/product"}],"replies":[{"embeddable":true,"href":"https:\/\/apisantos.com\/en\/wp-json\/wp\/v2\/comments?post=41851"}],"wp:attachment":[{"href":"https:\/\/apisantos.com\/en\/wp-json\/wp\/v2\/media?parent=41851"}],"wp:term":[{"taxonomy":"product_brand","embeddable":true,"href":"https:\/\/apisantos.com\/en\/wp-json\/wp\/v2\/product_brand?post=41851"},{"taxonomy":"product_cat","embeddable":true,"href":"https:\/\/apisantos.com\/en\/wp-json\/wp\/v2\/product_cat?post=41851"},{"taxonomy":"product_tag","embeddable":true,"href":"https:\/\/apisantos.com\/en\/wp-json\/wp\/v2\/product_tag?post=41851"}],"curies":[{"name":"wp","href":"https:\/\/api.w.org\/{rel}","templated":true}]}}