{"id":40883,"date":"2021-01-19T18:01:00","date_gmt":"2021-01-19T18:01:00","guid":{"rendered":"https:\/\/apisantos.com\/?post_type=product&#038;p=40883"},"modified":"2026-02-13T09:28:50","modified_gmt":"2026-02-13T09:28:50","slug":"faca-inox-desopercular-eletrica-220v","status":"publish","type":"product","link":"https:\/\/apisantos.com\/en\/loja-online\/apisantos\/extracao\/faca-inox-desopercular-eletrica-220v\/","title":{"rendered":"Faca inox desopercular el\u00e9trica 220v"},"content":{"rendered":"<p>Faca em inox para desopercolar el\u00e9ctrica com regulador de pot\u00eancia 220v.<\/p>\n<p>&nbsp;<\/p>\n<p><strong>EAN: 5600419230705<\/strong><\/p>\n","protected":false},"excerpt":{"rendered":"<p>Faca em inox para desopercolar el\u00e9ctrica com regulador de pot\u00eancia 220v. &nbsp; EAN: 5600419230705<\/p>\n","protected":false},"featured_media":41112,"comment_status":"open","ping_status":"closed","template":"","meta":[],"product_brand":[],"product_cat":[214,225],"product_tag":[256,242],"class_list":{"0":"post-40883","1":"product","2":"type-product","3":"status-publish","4":"has-post-thumbnail","6":"product_cat-apisantos","7":"product_cat-extracao","8":"product_tag-apisantos","9":"product_tag-extracao","10":"description-off","12":"first","13":"outofstock","14":"taxable","15":"shipping-taxable","16":"purchasable","17":"product-type-simple"},"aioseo_notices":[],"_links":{"self":[{"href":"https:\/\/apisantos.com\/en\/wp-json\/wp\/v2\/product\/40883","targetHints":{"allow":["GET"]}}],"collection":[{"href":"https:\/\/apisantos.com\/en\/wp-json\/wp\/v2\/product"}],"about":[{"href":"https:\/\/apisantos.com\/en\/wp-json\/wp\/v2\/types\/product"}],"replies":[{"embeddable":true,"href":"https:\/\/apisantos.com\/en\/wp-json\/wp\/v2\/comments?post=40883"}],"wp:featuredmedia":[{"embeddable":true,"href":"https:\/\/apisantos.com\/en\/wp-json\/wp\/v2\/media\/41112"}],"wp:attachment":[{"href":"https:\/\/apisantos.com\/en\/wp-json\/wp\/v2\/media?parent=40883"}],"wp:term":[{"taxonomy":"product_brand","embeddable":true,"href":"https:\/\/apisantos.com\/en\/wp-json\/wp\/v2\/product_brand?post=40883"},{"taxonomy":"product_cat","embeddable":true,"href":"https:\/\/apisantos.com\/en\/wp-json\/wp\/v2\/product_cat?post=40883"},{"taxonomy":"product_tag","embeddable":true,"href":"https:\/\/apisantos.com\/en\/wp-json\/wp\/v2\/product_tag?post=40883"}],"curies":[{"name":"wp","href":"https:\/\/api.w.org\/{rel}","templated":true}]}}