{"id":40879,"date":"2021-01-19T16:57:05","date_gmt":"2021-01-19T16:57:05","guid":{"rendered":"https:\/\/apisantos.com\/?post_type=product&#038;p=40879"},"modified":"2026-02-13T09:30:12","modified_gmt":"2026-02-13T09:30:12","slug":"fogao-gas-para-caldeiras","status":"publish","type":"product","link":"https:\/\/apisantos.com\/en\/loja-online\/apisantos\/utensilios\/fogao-gas-para-caldeiras\/","title":{"rendered":"Fog\u00e3o a g\u00e1s para caldeiras"},"content":{"rendered":"<p>Fog\u00e3o a g\u00e1s propano para caldeiras<\/p>\n<p>&nbsp;<\/p>\n<p><strong>EAN: 5600419251731<\/strong><\/p>\n","protected":false},"excerpt":{"rendered":"<p>Fog\u00e3o a g\u00e1s propano para caldeiras &nbsp; EAN: 5600419251731<\/p>\n","protected":false},"featured_media":41356,"comment_status":"open","ping_status":"closed","template":"","meta":[],"product_brand":[],"product_cat":[214,221],"product_tag":[256,261],"class_list":{"0":"post-40879","1":"product","2":"type-product","3":"status-publish","4":"has-post-thumbnail","6":"product_cat-apisantos","7":"product_cat-utensilios","8":"product_tag-apisantos","9":"product_tag-utensilios","10":"description-off","12":"first","13":"outofstock","14":"taxable","15":"shipping-taxable","16":"purchasable","17":"product-type-simple"},"aioseo_notices":[],"_links":{"self":[{"href":"https:\/\/apisantos.com\/en\/wp-json\/wp\/v2\/product\/40879","targetHints":{"allow":["GET"]}}],"collection":[{"href":"https:\/\/apisantos.com\/en\/wp-json\/wp\/v2\/product"}],"about":[{"href":"https:\/\/apisantos.com\/en\/wp-json\/wp\/v2\/types\/product"}],"replies":[{"embeddable":true,"href":"https:\/\/apisantos.com\/en\/wp-json\/wp\/v2\/comments?post=40879"}],"wp:featuredmedia":[{"embeddable":true,"href":"https:\/\/apisantos.com\/en\/wp-json\/wp\/v2\/media\/41356"}],"wp:attachment":[{"href":"https:\/\/apisantos.com\/en\/wp-json\/wp\/v2\/media?parent=40879"}],"wp:term":[{"taxonomy":"product_brand","embeddable":true,"href":"https:\/\/apisantos.com\/en\/wp-json\/wp\/v2\/product_brand?post=40879"},{"taxonomy":"product_cat","embeddable":true,"href":"https:\/\/apisantos.com\/en\/wp-json\/wp\/v2\/product_cat?post=40879"},{"taxonomy":"product_tag","embeddable":true,"href":"https:\/\/apisantos.com\/en\/wp-json\/wp\/v2\/product_tag?post=40879"}],"curies":[{"name":"wp","href":"https:\/\/api.w.org\/{rel}","templated":true}]}}