{"id":40686,"date":"2020-12-04T09:43:46","date_gmt":"2020-12-04T09:43:46","guid":{"rendered":"https:\/\/apisantos.com\/?post_type=product&#038;p=40686"},"modified":"2026-02-13T09:32:43","modified_gmt":"2026-02-13T09:32:43","slug":"embalagem-com-torroes-de-mel-36uni","status":"publish","type":"product","link":"https:\/\/apisantos.com\/en\/loja-online\/casa-santos\/outros-casa-santos\/embalagem-com-torroes-de-mel-36uni\/","title":{"rendered":"Embalagem com torr\u00f5es de mel (36uni)"},"content":{"rendered":"<p>Embalagem com 36 torr\u00f5es de mel.<br \/>\nProduto alimentar \u00e0 base de miolo de amendoim e mel, com sabor caracter\u00edstico ao amendoim e a\u00e7\u00facar caramelizado.<br \/>\nUm doce com cheiro a Natal\u2026<\/p>\n<p>EAN: 5600419202115<\/p>\n<p>MODELO: TORR\u00c3O<\/p>\n","protected":false},"excerpt":{"rendered":"<p>Produto alimentar \u00e0 base de miolo de amendoim e mel, com sabor caracter\u00edstico ao amendoim e a\u00e7\u00facar caramelizado.<br \/>\nUm doce com cheiro a Natal\u2026<\/p>\n","protected":false},"featured_media":41594,"comment_status":"open","ping_status":"closed","template":"","meta":[],"product_brand":[],"product_cat":[215,233],"product_tag":[259,274],"class_list":{"0":"post-40686","1":"product","2":"type-product","3":"status-publish","4":"has-post-thumbnail","6":"product_cat-casa-santos","7":"product_cat-outros-casa-santos","8":"product_tag-casa-santos","9":"product_tag-outros","10":"description-off","12":"first","13":"instock","14":"taxable","15":"shipping-taxable","16":"purchasable","17":"product-type-simple"},"aioseo_notices":[],"_links":{"self":[{"href":"https:\/\/apisantos.com\/en\/wp-json\/wp\/v2\/product\/40686","targetHints":{"allow":["GET"]}}],"collection":[{"href":"https:\/\/apisantos.com\/en\/wp-json\/wp\/v2\/product"}],"about":[{"href":"https:\/\/apisantos.com\/en\/wp-json\/wp\/v2\/types\/product"}],"replies":[{"embeddable":true,"href":"https:\/\/apisantos.com\/en\/wp-json\/wp\/v2\/comments?post=40686"}],"wp:featuredmedia":[{"embeddable":true,"href":"https:\/\/apisantos.com\/en\/wp-json\/wp\/v2\/media\/41594"}],"wp:attachment":[{"href":"https:\/\/apisantos.com\/en\/wp-json\/wp\/v2\/media?parent=40686"}],"wp:term":[{"taxonomy":"product_brand","embeddable":true,"href":"https:\/\/apisantos.com\/en\/wp-json\/wp\/v2\/product_brand?post=40686"},{"taxonomy":"product_cat","embeddable":true,"href":"https:\/\/apisantos.com\/en\/wp-json\/wp\/v2\/product_cat?post=40686"},{"taxonomy":"product_tag","embeddable":true,"href":"https:\/\/apisantos.com\/en\/wp-json\/wp\/v2\/product_tag?post=40686"}],"curies":[{"name":"wp","href":"https:\/\/api.w.org\/{rel}","templated":true}]}}