{"id":40458,"date":"2020-10-31T18:58:32","date_gmt":"2020-10-31T18:58:32","guid":{"rendered":"https:\/\/apisantos.com\/?post_type=product&#038;p=40458"},"modified":"2026-02-13T10:27:34","modified_gmt":"2026-02-13T10:27:34","slug":"v47-coracao-com-boneco-neve-50g","status":"publish","type":"product","link":"https:\/\/apisantos.com\/en\/loja-online\/velas\/v47-coracao-com-boneco-neve-50g\/","title":{"rendered":"V47 &#8211; Cora\u00e7\u00e3o com boneco de neve 50g"},"content":{"rendered":"<p>Vela de cera de abelha com formato CORA\u00c7\u00c3O COM BONECO DE NEVE 50g<\/p>\n<p>&nbsp;<\/p>\n<p><strong>EAN: 5600419280366<\/strong><\/p>\n<p>&nbsp;<\/p>\n<p>MODELO: V47<\/p>\n","protected":false},"excerpt":{"rendered":"<p>Vela de cera de abelha com formato CORA\u00c7\u00c3O COM BONECO DE NEVE 50g &nbsp; EAN: 5600419280366 &nbsp; MODELO: V47<\/p>\n","protected":false},"featured_media":40388,"comment_status":"open","ping_status":"closed","template":"","meta":[],"product_brand":[],"product_cat":[285],"product_tag":[286],"class_list":{"0":"post-40458","1":"product","2":"type-product","3":"status-publish","4":"has-post-thumbnail","6":"product_cat-velas","7":"product_tag-velas","8":"description-off","10":"first","11":"instock","12":"taxable","13":"shipping-taxable","14":"purchasable","15":"product-type-simple"},"aioseo_notices":[],"_links":{"self":[{"href":"https:\/\/apisantos.com\/en\/wp-json\/wp\/v2\/product\/40458","targetHints":{"allow":["GET"]}}],"collection":[{"href":"https:\/\/apisantos.com\/en\/wp-json\/wp\/v2\/product"}],"about":[{"href":"https:\/\/apisantos.com\/en\/wp-json\/wp\/v2\/types\/product"}],"replies":[{"embeddable":true,"href":"https:\/\/apisantos.com\/en\/wp-json\/wp\/v2\/comments?post=40458"}],"wp:featuredmedia":[{"embeddable":true,"href":"https:\/\/apisantos.com\/en\/wp-json\/wp\/v2\/media\/40388"}],"wp:attachment":[{"href":"https:\/\/apisantos.com\/en\/wp-json\/wp\/v2\/media?parent=40458"}],"wp:term":[{"taxonomy":"product_brand","embeddable":true,"href":"https:\/\/apisantos.com\/en\/wp-json\/wp\/v2\/product_brand?post=40458"},{"taxonomy":"product_cat","embeddable":true,"href":"https:\/\/apisantos.com\/en\/wp-json\/wp\/v2\/product_cat?post=40458"},{"taxonomy":"product_tag","embeddable":true,"href":"https:\/\/apisantos.com\/en\/wp-json\/wp\/v2\/product_tag?post=40458"}],"curies":[{"name":"wp","href":"https:\/\/api.w.org\/{rel}","templated":true}]}}