{"id":40455,"date":"2020-10-31T18:49:43","date_gmt":"2020-10-31T18:49:43","guid":{"rendered":"https:\/\/apisantos.com\/?post_type=product&#038;p=40455"},"modified":"2026-02-13T10:28:09","modified_gmt":"2026-02-13T10:28:09","slug":"v45-coracao-com-ursos-35g","status":"publish","type":"product","link":"https:\/\/apisantos.com\/en\/loja-online\/velas\/v45-coracao-com-ursos-35g\/","title":{"rendered":"V45 &#8211; Cora\u00e7\u00e3o com ursos 35g"},"content":{"rendered":"<p>Vela de cera de abelha com formato CORA\u00c7\u00c3O COM UROS 35g<\/p>\n<p>&nbsp;<\/p>\n<p><strong>EAN: 5600419280342<\/strong><\/p>\n<p>&nbsp;<\/p>\n<p>MODELO: V45<\/p>\n","protected":false},"excerpt":{"rendered":"<p>Vela de cera de abelha com formato CORA\u00c7\u00c3O COM UROS 35g &nbsp; EAN: 5600419280342 &nbsp; MODELO: V45<\/p>\n","protected":false},"featured_media":40384,"comment_status":"open","ping_status":"closed","template":"","meta":[],"product_brand":[],"product_cat":[285],"product_tag":[286],"class_list":{"0":"post-40455","1":"product","2":"type-product","3":"status-publish","4":"has-post-thumbnail","6":"product_cat-velas","7":"product_tag-velas","8":"description-off","10":"first","11":"instock","12":"taxable","13":"shipping-taxable","14":"purchasable","15":"product-type-simple"},"aioseo_notices":[],"_links":{"self":[{"href":"https:\/\/apisantos.com\/en\/wp-json\/wp\/v2\/product\/40455","targetHints":{"allow":["GET"]}}],"collection":[{"href":"https:\/\/apisantos.com\/en\/wp-json\/wp\/v2\/product"}],"about":[{"href":"https:\/\/apisantos.com\/en\/wp-json\/wp\/v2\/types\/product"}],"replies":[{"embeddable":true,"href":"https:\/\/apisantos.com\/en\/wp-json\/wp\/v2\/comments?post=40455"}],"wp:featuredmedia":[{"embeddable":true,"href":"https:\/\/apisantos.com\/en\/wp-json\/wp\/v2\/media\/40384"}],"wp:attachment":[{"href":"https:\/\/apisantos.com\/en\/wp-json\/wp\/v2\/media?parent=40455"}],"wp:term":[{"taxonomy":"product_brand","embeddable":true,"href":"https:\/\/apisantos.com\/en\/wp-json\/wp\/v2\/product_brand?post=40455"},{"taxonomy":"product_cat","embeddable":true,"href":"https:\/\/apisantos.com\/en\/wp-json\/wp\/v2\/product_cat?post=40455"},{"taxonomy":"product_tag","embeddable":true,"href":"https:\/\/apisantos.com\/en\/wp-json\/wp\/v2\/product_tag?post=40455"}],"curies":[{"name":"wp","href":"https:\/\/api.w.org\/{rel}","templated":true}]}}