{"id":40152,"date":"2020-10-30T12:21:40","date_gmt":"2020-10-30T12:21:40","guid":{"rendered":"https:\/\/apisantos.com\/?post_type=product&#038;p=40152"},"modified":"2026-02-13T14:01:58","modified_gmt":"2026-02-13T14:01:58","slug":"aplicador-para-acido-formico","status":"publish","type":"product","link":"https:\/\/apisantos.com\/en\/loja-online\/apisantos\/tratamentos\/aplicador-para-acido-formico\/","title":{"rendered":"Aplicador para \u00e1cido f\u00f3rmico"},"content":{"rendered":"<p>Aplicador para \u00e1cido f\u00f3rmico para desinfetar as abelhas. Aplica\u00e7\u00e3o de 60cc.<\/p>\n<p>&nbsp;<\/p>\n<p><strong>EAN: 5600419250000<\/strong><\/p>\n<p>&nbsp;<\/p>\n<p>Modelo: \u00c1CIDO F\u00d3RMICO<\/p>\n","protected":false},"excerpt":{"rendered":"<p>Aplicador para \u00e1cido f\u00f3rmico para desinfetar as abelhas. Aplica\u00e7\u00e3o de 60cc. &nbsp; EAN: 5600419250000 &nbsp; Modelo: \u00c1CIDO F\u00d3RMICO<\/p>\n","protected":false},"featured_media":41271,"comment_status":"open","ping_status":"closed","template":"","meta":[],"product_brand":[],"product_cat":[214,222],"product_tag":[256,247],"class_list":{"0":"post-40152","1":"product","2":"type-product","3":"status-publish","4":"has-post-thumbnail","6":"product_cat-apisantos","7":"product_cat-tratamentos","8":"product_tag-apisantos","9":"product_tag-tratamentos","10":"description-off","12":"first","13":"instock","14":"taxable","15":"shipping-taxable","16":"purchasable","17":"product-type-simple"},"aioseo_notices":[],"_links":{"self":[{"href":"https:\/\/apisantos.com\/en\/wp-json\/wp\/v2\/product\/40152","targetHints":{"allow":["GET"]}}],"collection":[{"href":"https:\/\/apisantos.com\/en\/wp-json\/wp\/v2\/product"}],"about":[{"href":"https:\/\/apisantos.com\/en\/wp-json\/wp\/v2\/types\/product"}],"replies":[{"embeddable":true,"href":"https:\/\/apisantos.com\/en\/wp-json\/wp\/v2\/comments?post=40152"}],"wp:featuredmedia":[{"embeddable":true,"href":"https:\/\/apisantos.com\/en\/wp-json\/wp\/v2\/media\/41271"}],"wp:attachment":[{"href":"https:\/\/apisantos.com\/en\/wp-json\/wp\/v2\/media?parent=40152"}],"wp:term":[{"taxonomy":"product_brand","embeddable":true,"href":"https:\/\/apisantos.com\/en\/wp-json\/wp\/v2\/product_brand?post=40152"},{"taxonomy":"product_cat","embeddable":true,"href":"https:\/\/apisantos.com\/en\/wp-json\/wp\/v2\/product_cat?post=40152"},{"taxonomy":"product_tag","embeddable":true,"href":"https:\/\/apisantos.com\/en\/wp-json\/wp\/v2\/product_tag?post=40152"}],"curies":[{"name":"wp","href":"https:\/\/api.w.org\/{rel}","templated":true}]}}