{"id":40124,"date":"2020-10-30T10:55:27","date_gmt":"2020-10-30T10:55:27","guid":{"rendered":"https:\/\/apisantos.com\/?post_type=product&#038;p=40124"},"modified":"2026-02-13T14:19:19","modified_gmt":"2026-02-13T14:19:19","slug":"meia-alca-termica-langstroth-sem-cera","status":"publish","type":"product","link":"https:\/\/apisantos.com\/en\/loja-online\/apisantos\/langstroth\/meia-alca-termica-langstroth-sem-cera\/","title":{"rendered":"Meia al\u00e7a t\u00e9rmica langstroth sem cera"},"content":{"rendered":"<p>Meia al\u00e7a t\u00e9rmica langstroth sem cera<\/p>\n<p>&nbsp;<\/p>\n<p><strong>LAN: 5600419210318<\/strong><\/p>\n<p>&nbsp;<\/p>\n<p>Modelo: meia al\u00e7a langstroth<\/p>\n","protected":false},"excerpt":{"rendered":"<p>Meia al\u00e7a t\u00e9rmica langstroth sem cera &nbsp; LAN: 5600419210318 &nbsp; Modelo: meia al\u00e7a langstroth<\/p>\n","protected":false},"featured_media":0,"comment_status":"open","ping_status":"closed","template":"","meta":[],"product_brand":[],"product_cat":[214,227],"product_tag":[256,244],"class_list":{"0":"post-40124","1":"product","2":"type-product","3":"status-publish","5":"product_cat-apisantos","6":"product_cat-langstroth","7":"product_tag-apisantos","8":"product_tag-langstroth","9":"description-off","11":"first","12":"outofstock","13":"taxable","14":"shipping-taxable","15":"purchasable","16":"product-type-simple"},"aioseo_notices":[],"_links":{"self":[{"href":"https:\/\/apisantos.com\/en\/wp-json\/wp\/v2\/product\/40124","targetHints":{"allow":["GET"]}}],"collection":[{"href":"https:\/\/apisantos.com\/en\/wp-json\/wp\/v2\/product"}],"about":[{"href":"https:\/\/apisantos.com\/en\/wp-json\/wp\/v2\/types\/product"}],"replies":[{"embeddable":true,"href":"https:\/\/apisantos.com\/en\/wp-json\/wp\/v2\/comments?post=40124"}],"wp:attachment":[{"href":"https:\/\/apisantos.com\/en\/wp-json\/wp\/v2\/media?parent=40124"}],"wp:term":[{"taxonomy":"product_brand","embeddable":true,"href":"https:\/\/apisantos.com\/en\/wp-json\/wp\/v2\/product_brand?post=40124"},{"taxonomy":"product_cat","embeddable":true,"href":"https:\/\/apisantos.com\/en\/wp-json\/wp\/v2\/product_cat?post=40124"},{"taxonomy":"product_tag","embeddable":true,"href":"https:\/\/apisantos.com\/en\/wp-json\/wp\/v2\/product_tag?post=40124"}],"curies":[{"name":"wp","href":"https:\/\/api.w.org\/{rel}","templated":true}]}}