{"id":40118,"date":"2020-10-30T10:02:16","date_gmt":"2020-10-30T10:02:16","guid":{"rendered":"https:\/\/apisantos.com\/?post_type=product&#038;p=40118"},"modified":"2026-02-13T14:21:10","modified_gmt":"2026-02-13T14:21:10","slug":"colmeia-termica-nucleo-langstroth-com-cera","status":"publish","type":"product","link":"https:\/\/apisantos.com\/en\/loja-online\/apisantos\/langstroth\/colmeia-termica-nucleo-langstroth-com-cera\/","title":{"rendered":"Colmeia t\u00e9rmica n\u00facleo langstroth com cera"},"content":{"rendered":"<p>N\u00facleo t\u00e9rmico langstroth completo com cera<\/p>\n<p>&nbsp;<\/p>\n<p><strong>EAN: 5600419210462<\/strong><\/p>\n<p>&nbsp;<\/p>\n<p>Modelo: langstroth ( tem fundo sanit\u00e1rio entrada com rampa inclu\u00edda e alimentador)<\/p>\n","protected":false},"excerpt":{"rendered":"<p>N\u00facleo t\u00e9rmico langstroth completo com cera &nbsp; EAN: 5600419210462 &nbsp; Modelo: langstroth ( tem fundo sanit\u00e1rio entrada com rampa inclu\u00edda e alimentador)<\/p>\n","protected":false},"featured_media":0,"comment_status":"open","ping_status":"closed","template":"","meta":[],"product_brand":[],"product_cat":[214,227],"product_tag":[256,244],"class_list":{"0":"post-40118","1":"product","2":"type-product","3":"status-publish","5":"product_cat-apisantos","6":"product_cat-langstroth","7":"product_tag-apisantos","8":"product_tag-langstroth","9":"description-off","11":"first","12":"outofstock","13":"taxable","14":"shipping-taxable","15":"purchasable","16":"product-type-simple"},"aioseo_notices":[],"_links":{"self":[{"href":"https:\/\/apisantos.com\/en\/wp-json\/wp\/v2\/product\/40118","targetHints":{"allow":["GET"]}}],"collection":[{"href":"https:\/\/apisantos.com\/en\/wp-json\/wp\/v2\/product"}],"about":[{"href":"https:\/\/apisantos.com\/en\/wp-json\/wp\/v2\/types\/product"}],"replies":[{"embeddable":true,"href":"https:\/\/apisantos.com\/en\/wp-json\/wp\/v2\/comments?post=40118"}],"wp:attachment":[{"href":"https:\/\/apisantos.com\/en\/wp-json\/wp\/v2\/media?parent=40118"}],"wp:term":[{"taxonomy":"product_brand","embeddable":true,"href":"https:\/\/apisantos.com\/en\/wp-json\/wp\/v2\/product_brand?post=40118"},{"taxonomy":"product_cat","embeddable":true,"href":"https:\/\/apisantos.com\/en\/wp-json\/wp\/v2\/product_cat?post=40118"},{"taxonomy":"product_tag","embeddable":true,"href":"https:\/\/apisantos.com\/en\/wp-json\/wp\/v2\/product_tag?post=40118"}],"curies":[{"name":"wp","href":"https:\/\/api.w.org\/{rel}","templated":true}]}}