{"id":40087,"date":"2020-10-29T17:55:17","date_gmt":"2020-10-29T17:55:17","guid":{"rendered":"https:\/\/apisantos.com\/?post_type=product&#038;p=40087"},"modified":"2026-02-13T14:34:01","modified_gmt":"2026-02-13T14:34:01","slug":"estrado-termico-sanitario-lusitana","status":"publish","type":"product","link":"https:\/\/apisantos.com\/en\/loja-online\/apisantos\/lusitana\/estrado-termico-sanitario-lusitana\/","title":{"rendered":"Estrado t\u00e9rmico lusitana"},"content":{"rendered":"<p>Estrado t\u00e9rmico sanit\u00e1rio anti-varroa lusitana<\/p>\n<p>&nbsp;<\/p>\n<p><strong>EAN: 5600419260337<\/strong><\/p>\n<p>&nbsp;<\/p>\n<p>Modelo: lusitana<\/p>\n","protected":false},"excerpt":{"rendered":"<p>Estrado t\u00e9rmico sanit\u00e1rio anti-varroa lusitana &nbsp; EAN: 5600419260337 &nbsp; Modelo: lusitana<\/p>\n","protected":false},"featured_media":0,"comment_status":"open","ping_status":"closed","template":"","meta":[],"product_brand":[],"product_cat":[214,226],"product_tag":[256,245],"class_list":{"0":"post-40087","1":"product","2":"type-product","3":"status-publish","5":"product_cat-apisantos","6":"product_cat-lusitana","7":"product_tag-apisantos","8":"product_tag-lusitana","9":"description-off","11":"first","12":"outofstock","13":"taxable","14":"shipping-taxable","15":"purchasable","16":"product-type-simple"},"aioseo_notices":[],"_links":{"self":[{"href":"https:\/\/apisantos.com\/en\/wp-json\/wp\/v2\/product\/40087","targetHints":{"allow":["GET"]}}],"collection":[{"href":"https:\/\/apisantos.com\/en\/wp-json\/wp\/v2\/product"}],"about":[{"href":"https:\/\/apisantos.com\/en\/wp-json\/wp\/v2\/types\/product"}],"replies":[{"embeddable":true,"href":"https:\/\/apisantos.com\/en\/wp-json\/wp\/v2\/comments?post=40087"}],"wp:attachment":[{"href":"https:\/\/apisantos.com\/en\/wp-json\/wp\/v2\/media?parent=40087"}],"wp:term":[{"taxonomy":"product_brand","embeddable":true,"href":"https:\/\/apisantos.com\/en\/wp-json\/wp\/v2\/product_brand?post=40087"},{"taxonomy":"product_cat","embeddable":true,"href":"https:\/\/apisantos.com\/en\/wp-json\/wp\/v2\/product_cat?post=40087"},{"taxonomy":"product_tag","embeddable":true,"href":"https:\/\/apisantos.com\/en\/wp-json\/wp\/v2\/product_tag?post=40087"}],"curies":[{"name":"wp","href":"https:\/\/api.w.org\/{rel}","templated":true}]}}