{"id":40082,"date":"2020-10-29T17:47:01","date_gmt":"2020-10-29T17:47:01","guid":{"rendered":"https:\/\/apisantos.com\/?post_type=product&#038;p=40082"},"modified":"2026-02-13T14:37:10","modified_gmt":"2026-02-13T14:37:10","slug":"colmeia-termica-nucleo-lusitana-sem-cera","status":"publish","type":"product","link":"https:\/\/apisantos.com\/en\/loja-online\/apisantos\/lusitana\/colmeia-termica-nucleo-lusitana-sem-cera\/","title":{"rendered":"Colmeia t\u00e9rmica n\u00facleo lusitana sem cera"},"content":{"rendered":"<p>N\u00facleo t\u00e9rmico lusitana completo sem cera<\/p>\n<p>&nbsp;<\/p>\n<p><strong>EAN: 5600419260368<\/strong><\/p>\n<p>&nbsp;<\/p>\n<p>Modelo: lusitana ( tem fundo sanit\u00e1rio entrada com rampa inclu\u00edda e alimentador)<\/p>\n","protected":false},"excerpt":{"rendered":"<p>N\u00facleo t\u00e9rmico lusitana completo sem cera &nbsp; EAN: 5600419260368 &nbsp; Modelo: lusitana ( tem fundo sanit\u00e1rio entrada com rampa inclu\u00edda e alimentador)<\/p>\n","protected":false},"featured_media":0,"comment_status":"open","ping_status":"closed","template":"","meta":[],"product_brand":[],"product_cat":[214,226],"product_tag":[256,245],"class_list":{"0":"post-40082","1":"product","2":"type-product","3":"status-publish","5":"product_cat-apisantos","6":"product_cat-lusitana","7":"product_tag-apisantos","8":"product_tag-lusitana","9":"description-off","11":"first","12":"instock","13":"taxable","14":"shipping-taxable","15":"purchasable","16":"product-type-simple"},"aioseo_notices":[],"_links":{"self":[{"href":"https:\/\/apisantos.com\/en\/wp-json\/wp\/v2\/product\/40082","targetHints":{"allow":["GET"]}}],"collection":[{"href":"https:\/\/apisantos.com\/en\/wp-json\/wp\/v2\/product"}],"about":[{"href":"https:\/\/apisantos.com\/en\/wp-json\/wp\/v2\/types\/product"}],"replies":[{"embeddable":true,"href":"https:\/\/apisantos.com\/en\/wp-json\/wp\/v2\/comments?post=40082"}],"wp:attachment":[{"href":"https:\/\/apisantos.com\/en\/wp-json\/wp\/v2\/media?parent=40082"}],"wp:term":[{"taxonomy":"product_brand","embeddable":true,"href":"https:\/\/apisantos.com\/en\/wp-json\/wp\/v2\/product_brand?post=40082"},{"taxonomy":"product_cat","embeddable":true,"href":"https:\/\/apisantos.com\/en\/wp-json\/wp\/v2\/product_cat?post=40082"},{"taxonomy":"product_tag","embeddable":true,"href":"https:\/\/apisantos.com\/en\/wp-json\/wp\/v2\/product_tag?post=40082"}],"curies":[{"name":"wp","href":"https:\/\/api.w.org\/{rel}","templated":true}]}}