{"id":40080,"date":"2020-10-29T17:42:38","date_gmt":"2020-10-29T17:42:38","guid":{"rendered":"https:\/\/apisantos.com\/?post_type=product&#038;p=40080"},"modified":"2026-02-13T14:37:47","modified_gmt":"2026-02-13T14:37:47","slug":"colmeia-termica-lusitana-estrado-ninho","status":"publish","type":"product","link":"https:\/\/apisantos.com\/en\/loja-online\/apisantos\/lusitana\/colmeia-termica-lusitana-estrado-ninho\/","title":{"rendered":"Colmeia t\u00e9rmica lusitana (estrado e ninho)"},"content":{"rendered":"<p>Colmeia lusitana t\u00e9rmica ( s\u00f3 estrado sanit\u00e1rio e caixa ninho)<\/p>\n<p>&nbsp;<\/p>\n<p><strong>EAN: 5600419260320<\/strong><\/p>\n<p>&nbsp;<\/p>\n<p>Modelo: lusitana<\/p>\n","protected":false},"excerpt":{"rendered":"<p>Colmeia lusitana t\u00e9rmica ( s\u00f3 estrado sanit\u00e1rio e caixa ninho) &nbsp; EAN: 5600419260320 &nbsp; Modelo: lusitana<\/p>\n","protected":false},"featured_media":0,"comment_status":"open","ping_status":"closed","template":"","meta":[],"product_brand":[],"product_cat":[214,226],"product_tag":[256,245],"class_list":{"0":"post-40080","1":"product","2":"type-product","3":"status-publish","5":"product_cat-apisantos","6":"product_cat-lusitana","7":"product_tag-apisantos","8":"product_tag-lusitana","9":"description-off","11":"first","12":"outofstock","13":"taxable","14":"shipping-taxable","15":"purchasable","16":"product-type-simple"},"aioseo_notices":[],"_links":{"self":[{"href":"https:\/\/apisantos.com\/en\/wp-json\/wp\/v2\/product\/40080","targetHints":{"allow":["GET"]}}],"collection":[{"href":"https:\/\/apisantos.com\/en\/wp-json\/wp\/v2\/product"}],"about":[{"href":"https:\/\/apisantos.com\/en\/wp-json\/wp\/v2\/types\/product"}],"replies":[{"embeddable":true,"href":"https:\/\/apisantos.com\/en\/wp-json\/wp\/v2\/comments?post=40080"}],"wp:attachment":[{"href":"https:\/\/apisantos.com\/en\/wp-json\/wp\/v2\/media?parent=40080"}],"wp:term":[{"taxonomy":"product_brand","embeddable":true,"href":"https:\/\/apisantos.com\/en\/wp-json\/wp\/v2\/product_brand?post=40080"},{"taxonomy":"product_cat","embeddable":true,"href":"https:\/\/apisantos.com\/en\/wp-json\/wp\/v2\/product_cat?post=40080"},{"taxonomy":"product_tag","embeddable":true,"href":"https:\/\/apisantos.com\/en\/wp-json\/wp\/v2\/product_tag?post=40080"}],"curies":[{"name":"wp","href":"https:\/\/api.w.org\/{rel}","templated":true}]}}