{"id":40072,"date":"2020-10-29T16:42:19","date_gmt":"2020-10-29T16:42:19","guid":{"rendered":"https:\/\/apisantos.com\/?post_type=product&#038;p=40072"},"modified":"2026-02-13T15:23:22","modified_gmt":"2026-02-13T15:23:22","slug":"estrado-nucleo-madeira-lusitana","status":"publish","type":"product","link":"https:\/\/apisantos.com\/en\/loja-online\/apisantos\/lusitana\/estrado-nucleo-madeira-lusitana\/","title":{"rendered":"Estrado n\u00facleo madeira lusitana"},"content":{"rendered":"<p>Estrado para n\u00facleo madeira lusitana ou revers\u00edvel.<\/p>\n<p>&nbsp;<\/p>\n<p><strong>EAN: 5600419260641<\/strong><\/p>\n<p>&nbsp;<\/p>\n<p>Modelo: lusitana ou revers\u00edvel<\/p>\n","protected":false},"excerpt":{"rendered":"<p>Estrado para n\u00facleo madeira lusitana ou revers\u00edvel. &nbsp; EAN: 5600419260641 &nbsp; Modelo: lusitana ou revers\u00edvel<\/p>\n","protected":false},"featured_media":41993,"comment_status":"open","ping_status":"closed","template":"","meta":[],"product_brand":[],"product_cat":[214,226],"product_tag":[256,245],"class_list":{"0":"post-40072","1":"product","2":"type-product","3":"status-publish","4":"has-post-thumbnail","6":"product_cat-apisantos","7":"product_cat-lusitana","8":"product_tag-apisantos","9":"product_tag-lusitana","10":"description-off","12":"first","13":"outofstock","14":"taxable","15":"shipping-taxable","16":"purchasable","17":"product-type-simple"},"aioseo_notices":[],"_links":{"self":[{"href":"https:\/\/apisantos.com\/en\/wp-json\/wp\/v2\/product\/40072","targetHints":{"allow":["GET"]}}],"collection":[{"href":"https:\/\/apisantos.com\/en\/wp-json\/wp\/v2\/product"}],"about":[{"href":"https:\/\/apisantos.com\/en\/wp-json\/wp\/v2\/types\/product"}],"replies":[{"embeddable":true,"href":"https:\/\/apisantos.com\/en\/wp-json\/wp\/v2\/comments?post=40072"}],"wp:featuredmedia":[{"embeddable":true,"href":"https:\/\/apisantos.com\/en\/wp-json\/wp\/v2\/media\/41993"}],"wp:attachment":[{"href":"https:\/\/apisantos.com\/en\/wp-json\/wp\/v2\/media?parent=40072"}],"wp:term":[{"taxonomy":"product_brand","embeddable":true,"href":"https:\/\/apisantos.com\/en\/wp-json\/wp\/v2\/product_brand?post=40072"},{"taxonomy":"product_cat","embeddable":true,"href":"https:\/\/apisantos.com\/en\/wp-json\/wp\/v2\/product_cat?post=40072"},{"taxonomy":"product_tag","embeddable":true,"href":"https:\/\/apisantos.com\/en\/wp-json\/wp\/v2\/product_tag?post=40072"}],"curies":[{"name":"wp","href":"https:\/\/api.w.org\/{rel}","templated":true}]}}