{"id":40035,"date":"2020-10-28T15:40:13","date_gmt":"2020-10-28T15:40:13","guid":{"rendered":"https:\/\/apisantos.com\/?post_type=product&#038;p=40035"},"modified":"2026-02-13T15:50:54","modified_gmt":"2026-02-13T15:50:54","slug":"ventilador-redondo-plastico-hp","status":"publish","type":"product","link":"https:\/\/apisantos.com\/en\/loja-online\/apisantos\/utensilios\/ventilador-redondo-plastico-hp\/","title":{"rendered":"Ventilador redondo em pl\u00e1stico HP"},"content":{"rendered":"<p>Ventilador em pl\u00e1stico para colmeia. Com 3 op\u00e7\u00f5es, fechado, respiro e escapa abelhas.<\/p>\n<p>&nbsp;<\/p>\n<p><strong>EAN: 5600419251281<\/strong><\/p>\n<p>&nbsp;<\/p>\n<p>Origem: Turquia &#8211; Happybees<\/p>\n","protected":false},"excerpt":{"rendered":"<p>Ventilador em pl\u00e1stico para colmeia. Com 3 op\u00e7\u00f5es, fechado, respiro e escapa abelhas. &nbsp; EAN: 5600419251281 &nbsp; Origem: Turquia &#8211; Happybees<\/p>\n","protected":false},"featured_media":41135,"comment_status":"open","ping_status":"closed","template":"","meta":[],"product_brand":[],"product_cat":[214,221],"product_tag":[256,261],"class_list":{"0":"post-40035","1":"product","2":"type-product","3":"status-publish","4":"has-post-thumbnail","6":"product_cat-apisantos","7":"product_cat-utensilios","8":"product_tag-apisantos","9":"product_tag-utensilios","10":"description-off","12":"first","13":"instock","14":"taxable","15":"shipping-taxable","16":"purchasable","17":"product-type-simple"},"aioseo_notices":[],"_links":{"self":[{"href":"https:\/\/apisantos.com\/en\/wp-json\/wp\/v2\/product\/40035","targetHints":{"allow":["GET"]}}],"collection":[{"href":"https:\/\/apisantos.com\/en\/wp-json\/wp\/v2\/product"}],"about":[{"href":"https:\/\/apisantos.com\/en\/wp-json\/wp\/v2\/types\/product"}],"replies":[{"embeddable":true,"href":"https:\/\/apisantos.com\/en\/wp-json\/wp\/v2\/comments?post=40035"}],"wp:featuredmedia":[{"embeddable":true,"href":"https:\/\/apisantos.com\/en\/wp-json\/wp\/v2\/media\/41135"}],"wp:attachment":[{"href":"https:\/\/apisantos.com\/en\/wp-json\/wp\/v2\/media?parent=40035"}],"wp:term":[{"taxonomy":"product_brand","embeddable":true,"href":"https:\/\/apisantos.com\/en\/wp-json\/wp\/v2\/product_brand?post=40035"},{"taxonomy":"product_cat","embeddable":true,"href":"https:\/\/apisantos.com\/en\/wp-json\/wp\/v2\/product_cat?post=40035"},{"taxonomy":"product_tag","embeddable":true,"href":"https:\/\/apisantos.com\/en\/wp-json\/wp\/v2\/product_tag?post=40035"}],"curies":[{"name":"wp","href":"https:\/\/api.w.org\/{rel}","templated":true}]}}