{"id":40033,"date":"2020-10-28T15:34:30","date_gmt":"2020-10-28T15:34:30","guid":{"rendered":"https:\/\/apisantos.com\/?post_type=product&#038;p=40033"},"modified":"2026-02-13T15:52:07","modified_gmt":"2026-02-13T15:52:07","slug":"estrado-langstroth-plastico-hp","status":"publish","type":"product","link":"https:\/\/apisantos.com\/en\/loja-online\/apisantos\/langstroth\/estrado-langstroth-plastico-hp\/","title":{"rendered":"Estrado langstroth pl\u00e1stico HP"},"content":{"rendered":"<p>Estrado langstroth em pl\u00e1stico com fundo sanit\u00e1rio e capta p\u00f3len de gaveta.<\/p>\n<p>&nbsp;<\/p>\n<p><strong>EAN: 5600419251267<\/strong><\/p>\n<p>&nbsp;<\/p>\n<p>Origem: Turquia &#8211; Happybees<\/p>\n","protected":false},"excerpt":{"rendered":"<p>Estrado langstroth em pl\u00e1stico com fundo sanit\u00e1rio e capta p\u00f3len de gaveta. &nbsp; EAN: 5600419251267 &nbsp; Origem: Turquia &#8211; Happybees<\/p>\n","protected":false},"featured_media":41995,"comment_status":"open","ping_status":"closed","template":"","meta":[],"product_brand":[],"product_cat":[214,227],"product_tag":[256,244],"class_list":{"0":"post-40033","1":"product","2":"type-product","3":"status-publish","4":"has-post-thumbnail","6":"product_cat-apisantos","7":"product_cat-langstroth","8":"product_tag-apisantos","9":"product_tag-langstroth","10":"description-off","12":"first","13":"instock","14":"featured","15":"taxable","16":"shipping-taxable","17":"purchasable","18":"product-type-simple"},"aioseo_notices":[],"_links":{"self":[{"href":"https:\/\/apisantos.com\/en\/wp-json\/wp\/v2\/product\/40033","targetHints":{"allow":["GET"]}}],"collection":[{"href":"https:\/\/apisantos.com\/en\/wp-json\/wp\/v2\/product"}],"about":[{"href":"https:\/\/apisantos.com\/en\/wp-json\/wp\/v2\/types\/product"}],"replies":[{"embeddable":true,"href":"https:\/\/apisantos.com\/en\/wp-json\/wp\/v2\/comments?post=40033"}],"wp:featuredmedia":[{"embeddable":true,"href":"https:\/\/apisantos.com\/en\/wp-json\/wp\/v2\/media\/41995"}],"wp:attachment":[{"href":"https:\/\/apisantos.com\/en\/wp-json\/wp\/v2\/media?parent=40033"}],"wp:term":[{"taxonomy":"product_brand","embeddable":true,"href":"https:\/\/apisantos.com\/en\/wp-json\/wp\/v2\/product_brand?post=40033"},{"taxonomy":"product_cat","embeddable":true,"href":"https:\/\/apisantos.com\/en\/wp-json\/wp\/v2\/product_cat?post=40033"},{"taxonomy":"product_tag","embeddable":true,"href":"https:\/\/apisantos.com\/en\/wp-json\/wp\/v2\/product_tag?post=40033"}],"curies":[{"name":"wp","href":"https:\/\/api.w.org\/{rel}","templated":true}]}}