{"id":40032,"date":"2020-10-28T15:32:12","date_gmt":"2020-10-28T15:32:12","guid":{"rendered":"https:\/\/apisantos.com\/?post_type=product&#038;p=40032"},"modified":"2026-02-13T15:53:12","modified_gmt":"2026-02-13T15:53:12","slug":"entrada-anti-varroa-hp","status":"publish","type":"product","link":"https:\/\/apisantos.com\/en\/loja-online\/apisantos\/utensilios\/entrada-anti-varroa-hp\/","title":{"rendered":"Entrada anti-varroa HP"},"content":{"rendered":"<p>Entrada em pl\u00e1stico para entradas com 30cm. Entrada especial para colocar \u00e1cido f\u00f3rmico ou \u00e1cido ox\u00e1lico como preventivo da varroa.<\/p>\n<p>&nbsp;<\/p>\n<p><strong>EAN: 5600419251243<\/strong><\/p>\n<p>&nbsp;<\/p>\n<p>Origem: Turquia &#8211; Happybees<\/p>\n","protected":false},"excerpt":{"rendered":"<p>Entrada em pl\u00e1stico para entradas com 30cm. Entrada especial para colocar \u00e1cido f\u00f3rmico ou \u00e1cido ox\u00e1lico como preventivo da varroa. &nbsp; EAN: 5600419251243 &nbsp; Origem: Turquia &#8211; Happybees<\/p>\n","protected":false},"featured_media":41127,"comment_status":"open","ping_status":"closed","template":"","meta":[],"product_brand":[],"product_cat":[214,221],"product_tag":[256,261],"class_list":{"0":"post-40032","1":"product","2":"type-product","3":"status-publish","4":"has-post-thumbnail","6":"product_cat-apisantos","7":"product_cat-utensilios","8":"product_tag-apisantos","9":"product_tag-utensilios","10":"description-off","12":"first","13":"instock","14":"taxable","15":"shipping-taxable","16":"purchasable","17":"product-type-simple"},"aioseo_notices":[],"_links":{"self":[{"href":"https:\/\/apisantos.com\/en\/wp-json\/wp\/v2\/product\/40032","targetHints":{"allow":["GET"]}}],"collection":[{"href":"https:\/\/apisantos.com\/en\/wp-json\/wp\/v2\/product"}],"about":[{"href":"https:\/\/apisantos.com\/en\/wp-json\/wp\/v2\/types\/product"}],"replies":[{"embeddable":true,"href":"https:\/\/apisantos.com\/en\/wp-json\/wp\/v2\/comments?post=40032"}],"wp:featuredmedia":[{"embeddable":true,"href":"https:\/\/apisantos.com\/en\/wp-json\/wp\/v2\/media\/41127"}],"wp:attachment":[{"href":"https:\/\/apisantos.com\/en\/wp-json\/wp\/v2\/media?parent=40032"}],"wp:term":[{"taxonomy":"product_brand","embeddable":true,"href":"https:\/\/apisantos.com\/en\/wp-json\/wp\/v2\/product_brand?post=40032"},{"taxonomy":"product_cat","embeddable":true,"href":"https:\/\/apisantos.com\/en\/wp-json\/wp\/v2\/product_cat?post=40032"},{"taxonomy":"product_tag","embeddable":true,"href":"https:\/\/apisantos.com\/en\/wp-json\/wp\/v2\/product_tag?post=40032"}],"curies":[{"name":"wp","href":"https:\/\/api.w.org\/{rel}","templated":true}]}}