{"id":40031,"date":"2020-10-28T15:30:02","date_gmt":"2020-10-28T15:30:02","guid":{"rendered":"https:\/\/apisantos.com\/?post_type=product&#038;p=40031"},"modified":"2026-02-13T15:56:14","modified_gmt":"2026-02-13T15:56:14","slug":"entrada-de-plastico-para-colmeia-30cm-hp","status":"publish","type":"product","link":"https:\/\/apisantos.com\/en\/loja-online\/apisantos\/utensilios\/entrada-de-plastico-para-colmeia-30cm-hp\/","title":{"rendered":"Entrada de pl\u00e1stico para colmeia 30cm HP"},"content":{"rendered":"<p>Entrada em pl\u00e1stico para colmeia com 30cm. Com rampa e fecho inclu\u00eddo.<\/p>\n<p>&nbsp;<\/p>\n<p><strong>EAN: 5600419251250<\/strong><\/p>\n<p>&nbsp;<\/p>\n<p>Origem: Turquia &#8211; Happybees<\/p>\n","protected":false},"excerpt":{"rendered":"<p>Entrada em pl\u00e1stico para colmeia com 30cm. Com rampa e fecho inclu\u00eddo. &nbsp; EAN: 5600419251250 &nbsp; Origem: Turquia &#8211; Happybees<\/p>\n","protected":false},"featured_media":41121,"comment_status":"open","ping_status":"closed","template":"","meta":[],"product_brand":[],"product_cat":[214,221],"product_tag":[256,261],"class_list":{"0":"post-40031","1":"product","2":"type-product","3":"status-publish","4":"has-post-thumbnail","6":"product_cat-apisantos","7":"product_cat-utensilios","8":"product_tag-apisantos","9":"product_tag-utensilios","10":"description-off","12":"first","13":"instock","14":"taxable","15":"shipping-taxable","16":"purchasable","17":"product-type-simple"},"aioseo_notices":[],"_links":{"self":[{"href":"https:\/\/apisantos.com\/en\/wp-json\/wp\/v2\/product\/40031","targetHints":{"allow":["GET"]}}],"collection":[{"href":"https:\/\/apisantos.com\/en\/wp-json\/wp\/v2\/product"}],"about":[{"href":"https:\/\/apisantos.com\/en\/wp-json\/wp\/v2\/types\/product"}],"replies":[{"embeddable":true,"href":"https:\/\/apisantos.com\/en\/wp-json\/wp\/v2\/comments?post=40031"}],"wp:featuredmedia":[{"embeddable":true,"href":"https:\/\/apisantos.com\/en\/wp-json\/wp\/v2\/media\/41121"}],"wp:attachment":[{"href":"https:\/\/apisantos.com\/en\/wp-json\/wp\/v2\/media?parent=40031"}],"wp:term":[{"taxonomy":"product_brand","embeddable":true,"href":"https:\/\/apisantos.com\/en\/wp-json\/wp\/v2\/product_brand?post=40031"},{"taxonomy":"product_cat","embeddable":true,"href":"https:\/\/apisantos.com\/en\/wp-json\/wp\/v2\/product_cat?post=40031"},{"taxonomy":"product_tag","embeddable":true,"href":"https:\/\/apisantos.com\/en\/wp-json\/wp\/v2\/product_tag?post=40031"}],"curies":[{"name":"wp","href":"https:\/\/api.w.org\/{rel}","templated":true}]}}