{"id":40028,"date":"2020-10-28T15:20:19","date_gmt":"2020-10-28T15:20:19","guid":{"rendered":"https:\/\/apisantos.com\/?post_type=product&#038;p=40028"},"modified":"2026-02-13T16:13:08","modified_gmt":"2026-02-13T16:13:08","slug":"extrator-eletrico-12-quadros-e-3-cestas-bk","status":"publish","type":"product","link":"https:\/\/apisantos.com\/en\/loja-online\/apisantos\/extracao\/extrator-eletrico-12-quadros-e-3-cestas-bk\/","title":{"rendered":"Extrator el\u00e9trico radial 12 quadros"},"content":{"rendered":"<p>Extrator el\u00e9trico radial em inox para 9 meios quadros e como op\u00e7\u00e3o pode colocar 3 cestas para 3 quadros de ninho.<\/p>\n<p>&nbsp;<\/p>\n<p><strong>EAN: 5600419251632<\/strong><\/p>\n<p>&nbsp;<\/p>\n<p>Origem: Turquia &#8211; Benka<\/p>\n","protected":false},"excerpt":{"rendered":"<p>Extrator el\u00e9trico radial em inox para 9 meios quadros e como op\u00e7\u00e3o pode colocar 3 cestas para 3 quadros de ninho. &nbsp; EAN: 5600419251632 &nbsp; Origem: Turquia &#8211; Benka<\/p>\n","protected":false},"featured_media":42017,"comment_status":"open","ping_status":"closed","template":"","meta":[],"product_brand":[],"product_cat":[214,225],"product_tag":[256,242],"class_list":{"0":"post-40028","1":"product","2":"type-product","3":"status-publish","4":"has-post-thumbnail","6":"product_cat-apisantos","7":"product_cat-extracao","8":"product_tag-apisantos","9":"product_tag-extracao","10":"description-off","12":"first","13":"outofstock","14":"taxable","15":"shipping-taxable","16":"purchasable","17":"product-type-simple"},"aioseo_notices":[],"_links":{"self":[{"href":"https:\/\/apisantos.com\/en\/wp-json\/wp\/v2\/product\/40028","targetHints":{"allow":["GET"]}}],"collection":[{"href":"https:\/\/apisantos.com\/en\/wp-json\/wp\/v2\/product"}],"about":[{"href":"https:\/\/apisantos.com\/en\/wp-json\/wp\/v2\/types\/product"}],"replies":[{"embeddable":true,"href":"https:\/\/apisantos.com\/en\/wp-json\/wp\/v2\/comments?post=40028"}],"wp:featuredmedia":[{"embeddable":true,"href":"https:\/\/apisantos.com\/en\/wp-json\/wp\/v2\/media\/42017"}],"wp:attachment":[{"href":"https:\/\/apisantos.com\/en\/wp-json\/wp\/v2\/media?parent=40028"}],"wp:term":[{"taxonomy":"product_brand","embeddable":true,"href":"https:\/\/apisantos.com\/en\/wp-json\/wp\/v2\/product_brand?post=40028"},{"taxonomy":"product_cat","embeddable":true,"href":"https:\/\/apisantos.com\/en\/wp-json\/wp\/v2\/product_cat?post=40028"},{"taxonomy":"product_tag","embeddable":true,"href":"https:\/\/apisantos.com\/en\/wp-json\/wp\/v2\/product_tag?post=40028"}],"curies":[{"name":"wp","href":"https:\/\/api.w.org\/{rel}","templated":true}]}}