{"id":40024,"date":"2020-10-28T15:03:29","date_gmt":"2020-10-28T15:03:29","guid":{"rendered":"https:\/\/apisantos.com\/?post_type=product&#038;p=40024"},"modified":"2026-02-13T16:17:10","modified_gmt":"2026-02-13T16:17:10","slug":"fumigador-gigante-inox-com-protecao-bk","status":"publish","type":"product","link":"https:\/\/apisantos.com\/en\/loja-online\/apisantos\/ferramentas\/fumigador-gigante-inox-com-protecao-bk\/","title":{"rendered":"Fumigador gigante inox com prote\u00e7\u00e3o"},"content":{"rendered":"<p>Fumigador gigante com interior remov\u00edvel em inox e com prote\u00e7\u00e3o lateral.<\/p>\n<p>&nbsp;<\/p>\n<p><strong>EAN: 5600419220447<\/strong><\/p>\n<p>&nbsp;<\/p>\n<p>Origem: Turquia &#8211; Benka<\/p>\n","protected":false},"excerpt":{"rendered":"<p>Fumigador gigante com interior remov\u00edvel em inox e com prote\u00e7\u00e3o lateral. &nbsp; EAN: 5600419220447 &nbsp; Origem: Turquia &#8211; Benka<\/p>\n","protected":false},"featured_media":40920,"comment_status":"open","ping_status":"closed","template":"","meta":[],"product_brand":[],"product_cat":[214,220],"product_tag":[256,243],"class_list":{"0":"post-40024","1":"product","2":"type-product","3":"status-publish","4":"has-post-thumbnail","6":"product_cat-apisantos","7":"product_cat-ferramentas","8":"product_tag-apisantos","9":"product_tag-ferramentas","10":"description-off","12":"first","13":"instock","14":"taxable","15":"shipping-taxable","16":"purchasable","17":"product-type-simple"},"aioseo_notices":[],"_links":{"self":[{"href":"https:\/\/apisantos.com\/en\/wp-json\/wp\/v2\/product\/40024","targetHints":{"allow":["GET"]}}],"collection":[{"href":"https:\/\/apisantos.com\/en\/wp-json\/wp\/v2\/product"}],"about":[{"href":"https:\/\/apisantos.com\/en\/wp-json\/wp\/v2\/types\/product"}],"replies":[{"embeddable":true,"href":"https:\/\/apisantos.com\/en\/wp-json\/wp\/v2\/comments?post=40024"}],"wp:featuredmedia":[{"embeddable":true,"href":"https:\/\/apisantos.com\/en\/wp-json\/wp\/v2\/media\/40920"}],"wp:attachment":[{"href":"https:\/\/apisantos.com\/en\/wp-json\/wp\/v2\/media?parent=40024"}],"wp:term":[{"taxonomy":"product_brand","embeddable":true,"href":"https:\/\/apisantos.com\/en\/wp-json\/wp\/v2\/product_brand?post=40024"},{"taxonomy":"product_cat","embeddable":true,"href":"https:\/\/apisantos.com\/en\/wp-json\/wp\/v2\/product_cat?post=40024"},{"taxonomy":"product_tag","embeddable":true,"href":"https:\/\/apisantos.com\/en\/wp-json\/wp\/v2\/product_tag?post=40024"}],"curies":[{"name":"wp","href":"https:\/\/api.w.org\/{rel}","templated":true}]}}