{"id":40007,"date":"2020-10-27T20:01:54","date_gmt":"2020-10-27T20:01:54","guid":{"rendered":"https:\/\/apisantos.com\/?post_type=product&#038;p=40007"},"modified":"2026-02-13T22:32:20","modified_gmt":"2026-02-13T22:32:20","slug":"quadro-plastico-langstroth-tr","status":"publish","type":"product","link":"https:\/\/apisantos.com\/en\/loja-online\/apisantos\/langstroth\/quadro-plastico-langstroth-tr\/","title":{"rendered":"Quadro pl\u00e1stico langstroth TR"},"content":{"rendered":"<p>Quadro de pl\u00e1stico langstroth, n\u00e3o necessita arame.<\/p>\n<p>&nbsp;<\/p>\n<p><strong>EAN: 5600419251120<\/strong><\/p>\n<p>&nbsp;<\/p>\n<p>Modelo: Turquia<\/p>\n","protected":false},"excerpt":{"rendered":"<p>Quadro de pl\u00e1stico langstroth, n\u00e3o necessita arame. &nbsp; EAN: 5600419251120 &nbsp; Modelo: Turquia<\/p>\n","protected":false},"featured_media":41058,"comment_status":"open","ping_status":"closed","template":"","meta":[],"product_brand":[],"product_cat":[214,227],"product_tag":[256,244],"class_list":{"0":"post-40007","1":"product","2":"type-product","3":"status-publish","4":"has-post-thumbnail","6":"product_cat-apisantos","7":"product_cat-langstroth","8":"product_tag-apisantos","9":"product_tag-langstroth","10":"description-off","12":"first","13":"instock","14":"featured","15":"taxable","16":"shipping-taxable","17":"purchasable","18":"product-type-simple"},"aioseo_notices":[],"_links":{"self":[{"href":"https:\/\/apisantos.com\/en\/wp-json\/wp\/v2\/product\/40007","targetHints":{"allow":["GET"]}}],"collection":[{"href":"https:\/\/apisantos.com\/en\/wp-json\/wp\/v2\/product"}],"about":[{"href":"https:\/\/apisantos.com\/en\/wp-json\/wp\/v2\/types\/product"}],"replies":[{"embeddable":true,"href":"https:\/\/apisantos.com\/en\/wp-json\/wp\/v2\/comments?post=40007"}],"wp:featuredmedia":[{"embeddable":true,"href":"https:\/\/apisantos.com\/en\/wp-json\/wp\/v2\/media\/41058"}],"wp:attachment":[{"href":"https:\/\/apisantos.com\/en\/wp-json\/wp\/v2\/media?parent=40007"}],"wp:term":[{"taxonomy":"product_brand","embeddable":true,"href":"https:\/\/apisantos.com\/en\/wp-json\/wp\/v2\/product_brand?post=40007"},{"taxonomy":"product_cat","embeddable":true,"href":"https:\/\/apisantos.com\/en\/wp-json\/wp\/v2\/product_cat?post=40007"},{"taxonomy":"product_tag","embeddable":true,"href":"https:\/\/apisantos.com\/en\/wp-json\/wp\/v2\/product_tag?post=40007"}],"curies":[{"name":"wp","href":"https:\/\/api.w.org\/{rel}","templated":true}]}}