{"id":39928,"date":"2020-10-18T14:54:01","date_gmt":"2020-10-18T14:54:01","guid":{"rendered":"https:\/\/apisantos.com\/?post_type=product&#038;p=39928"},"modified":"2026-02-13T20:02:36","modified_gmt":"2026-02-13T20:02:36","slug":"tina-desopercular-510x510x400-langstroth","status":"publish","type":"product","link":"https:\/\/apisantos.com\/en\/loja-online\/apisantos\/extracao\/tina-desopercular-510x510x400-langstroth\/","title":{"rendered":"Tina desopercular 510x510x400 langstroth"},"content":{"rendered":"<p>Tina desopercular 510x510x400 em inox para langstroth<\/p>\n<p>&nbsp;<\/p>\n<p><strong>EAN: 5600419230590<\/strong><\/p>\n<p>&nbsp;<\/p>\n<p>Tina de a\u00e7o inoxid\u00e1vel descoberto 510x485x400mm.<\/p>\n<p>Com as pernas.<\/p>\n<p>Com estante de a\u00e7o.<\/p>\n<p>Torneira de nylon.<\/p>\n","protected":false},"excerpt":{"rendered":"<p>Tina desopercular 510x510x400 em inox para langstroth &nbsp; EAN: 5600419230590 &nbsp; Tina de a\u00e7o inoxid\u00e1vel descoberto 510x485x400mm. Com as pernas. Com estante de a\u00e7o. Torneira de nylon.<\/p>\n","protected":false},"featured_media":0,"comment_status":"open","ping_status":"closed","template":"","meta":[],"product_brand":[],"product_cat":[214,225],"product_tag":[256,242],"class_list":{"0":"post-39928","1":"product","2":"type-product","3":"status-publish","5":"product_cat-apisantos","6":"product_cat-extracao","7":"product_tag-apisantos","8":"product_tag-extracao","9":"description-off","11":"first","12":"instock","13":"taxable","14":"shipping-taxable","15":"purchasable","16":"product-type-simple"},"aioseo_notices":[],"_links":{"self":[{"href":"https:\/\/apisantos.com\/en\/wp-json\/wp\/v2\/product\/39928","targetHints":{"allow":["GET"]}}],"collection":[{"href":"https:\/\/apisantos.com\/en\/wp-json\/wp\/v2\/product"}],"about":[{"href":"https:\/\/apisantos.com\/en\/wp-json\/wp\/v2\/types\/product"}],"replies":[{"embeddable":true,"href":"https:\/\/apisantos.com\/en\/wp-json\/wp\/v2\/comments?post=39928"}],"wp:attachment":[{"href":"https:\/\/apisantos.com\/en\/wp-json\/wp\/v2\/media?parent=39928"}],"wp:term":[{"taxonomy":"product_brand","embeddable":true,"href":"https:\/\/apisantos.com\/en\/wp-json\/wp\/v2\/product_brand?post=39928"},{"taxonomy":"product_cat","embeddable":true,"href":"https:\/\/apisantos.com\/en\/wp-json\/wp\/v2\/product_cat?post=39928"},{"taxonomy":"product_tag","embeddable":true,"href":"https:\/\/apisantos.com\/en\/wp-json\/wp\/v2\/product_tag?post=39928"}],"curies":[{"name":"wp","href":"https:\/\/api.w.org\/{rel}","templated":true}]}}