{"id":38624,"date":"2019-01-04T15:02:23","date_gmt":"2019-01-04T15:02:23","guid":{"rendered":"http:\/\/apisantos.com\/?post_type=product&#038;p=38624"},"modified":"2026-02-13T20:23:13","modified_gmt":"2026-02-13T20:23:13","slug":"tina-1000-lusitana","status":"publish","type":"product","link":"https:\/\/apisantos.com\/en\/loja-online\/apisantos\/extracao\/tina-1000-lusitana\/","title":{"rendered":"Tina desopercular 1000x425x440 lusitana"},"content":{"rendered":"<p>Tina desopercular 1000x425x440 em inox para lusitana \/ reversivel<\/p>\n<p>&nbsp;<\/p>\n<p><strong>EAN: 5600419230354<\/strong><\/p>\n<p>&nbsp;<\/p>\n<p>Tina de a\u00e7o inoxid\u00e1vel descoberto 1000x425x440mm.<\/p>\n<p>Com as pernas.<\/p>\n<p>Com estante de a\u00e7o.<\/p>\n<p>Torneira de nylon.<\/p>\n","protected":false},"excerpt":{"rendered":"<p>Tina desopercular 1000x425x440 em inox para lusitana \/ reversivel &nbsp; EAN: 5600419230354 &nbsp; Tina de a\u00e7o inoxid\u00e1vel descoberto 1000x425x440mm. Com as pernas. Com estante de a\u00e7o. Torneira de nylon.<\/p>\n","protected":false},"featured_media":42237,"comment_status":"open","ping_status":"closed","template":"","meta":[],"product_brand":[],"product_cat":[214,225],"product_tag":[256,242],"class_list":{"0":"post-38624","1":"product","2":"type-product","3":"status-publish","4":"has-post-thumbnail","6":"product_cat-apisantos","7":"product_cat-extracao","8":"product_tag-apisantos","9":"product_tag-extracao","10":"description-off","12":"first","13":"instock","14":"taxable","15":"shipping-taxable","16":"purchasable","17":"product-type-simple"},"aioseo_notices":[],"_links":{"self":[{"href":"https:\/\/apisantos.com\/en\/wp-json\/wp\/v2\/product\/38624","targetHints":{"allow":["GET"]}}],"collection":[{"href":"https:\/\/apisantos.com\/en\/wp-json\/wp\/v2\/product"}],"about":[{"href":"https:\/\/apisantos.com\/en\/wp-json\/wp\/v2\/types\/product"}],"replies":[{"embeddable":true,"href":"https:\/\/apisantos.com\/en\/wp-json\/wp\/v2\/comments?post=38624"}],"wp:featuredmedia":[{"embeddable":true,"href":"https:\/\/apisantos.com\/en\/wp-json\/wp\/v2\/media\/42237"}],"wp:attachment":[{"href":"https:\/\/apisantos.com\/en\/wp-json\/wp\/v2\/media?parent=38624"}],"wp:term":[{"taxonomy":"product_brand","embeddable":true,"href":"https:\/\/apisantos.com\/en\/wp-json\/wp\/v2\/product_brand?post=38624"},{"taxonomy":"product_cat","embeddable":true,"href":"https:\/\/apisantos.com\/en\/wp-json\/wp\/v2\/product_cat?post=38624"},{"taxonomy":"product_tag","embeddable":true,"href":"https:\/\/apisantos.com\/en\/wp-json\/wp\/v2\/product_tag?post=38624"}],"curies":[{"name":"wp","href":"https:\/\/api.w.org\/{rel}","templated":true}]}}