{"id":38618,"date":"2019-01-04T13:03:54","date_gmt":"2019-01-04T13:03:54","guid":{"rendered":"http:\/\/apisantos.com\/?post_type=product&#038;p=38618"},"modified":"2026-02-13T20:25:25","modified_gmt":"2026-02-13T20:25:25","slug":"coador-oval","status":"publish","type":"product","link":"https:\/\/apisantos.com\/en\/loja-online\/apisantos\/extracao\/coador-oval\/","title":{"rendered":"Coador oval extens\u00edvel para mel inox"},"content":{"rendered":"<p>Coador oval extens\u00edvel inox com pr\u00e9-filtro em pl\u00e1stico<\/p>\n<p>&nbsp;<\/p>\n<p><strong>EAN: 5600419230118<\/strong><\/p>\n<p>&nbsp;<\/p>\n<p>Modelo: oval extens\u00edvel<\/p>\n","protected":false},"excerpt":{"rendered":"<p>Coador oval extens\u00edvel inox com pr\u00e9-filtro em pl\u00e1stico &nbsp; EAN: 5600419230118 &nbsp; Modelo: oval extens\u00edvel<\/p>\n","protected":false},"featured_media":41787,"comment_status":"open","ping_status":"closed","template":"","meta":[],"product_brand":[],"product_cat":[214,225],"product_tag":[256,242],"class_list":{"0":"post-38618","1":"product","2":"type-product","3":"status-publish","4":"has-post-thumbnail","6":"product_cat-apisantos","7":"product_cat-extracao","8":"product_tag-apisantos","9":"product_tag-extracao","10":"description-off","12":"first","13":"instock","14":"taxable","15":"shipping-taxable","16":"purchasable","17":"product-type-simple"},"aioseo_notices":[],"_links":{"self":[{"href":"https:\/\/apisantos.com\/en\/wp-json\/wp\/v2\/product\/38618","targetHints":{"allow":["GET"]}}],"collection":[{"href":"https:\/\/apisantos.com\/en\/wp-json\/wp\/v2\/product"}],"about":[{"href":"https:\/\/apisantos.com\/en\/wp-json\/wp\/v2\/types\/product"}],"replies":[{"embeddable":true,"href":"https:\/\/apisantos.com\/en\/wp-json\/wp\/v2\/comments?post=38618"}],"wp:featuredmedia":[{"embeddable":true,"href":"https:\/\/apisantos.com\/en\/wp-json\/wp\/v2\/media\/41787"}],"wp:attachment":[{"href":"https:\/\/apisantos.com\/en\/wp-json\/wp\/v2\/media?parent=38618"}],"wp:term":[{"taxonomy":"product_brand","embeddable":true,"href":"https:\/\/apisantos.com\/en\/wp-json\/wp\/v2\/product_brand?post=38618"},{"taxonomy":"product_cat","embeddable":true,"href":"https:\/\/apisantos.com\/en\/wp-json\/wp\/v2\/product_cat?post=38618"},{"taxonomy":"product_tag","embeddable":true,"href":"https:\/\/apisantos.com\/en\/wp-json\/wp\/v2\/product_tag?post=38618"}],"curies":[{"name":"wp","href":"https:\/\/api.w.org\/{rel}","templated":true}]}}