{"id":38616,"date":"2019-01-04T11:55:06","date_gmt":"2019-01-04T11:55:06","guid":{"rendered":"http:\/\/apisantos.com\/?post_type=product&#038;p=38616"},"modified":"2026-02-13T20:26:16","modified_gmt":"2026-02-13T20:26:16","slug":"prefiltro-plastico","status":"publish","type":"product","link":"https:\/\/apisantos.com\/en\/loja-online\/apisantos\/extracao\/prefiltro-plastico\/","title":{"rendered":"Pr\u00e9-filtro em pl\u00e1stico para coador"},"content":{"rendered":"<p>Pr\u00e9-filtro em pl\u00e1stico para coador inox<\/p>\n<p>&nbsp;<\/p>\n<p><strong>EAN: 5600419230293<\/strong><\/p>\n<p>&nbsp;<\/p>\n<p>Modelo: para coador inox simples<\/p>\n","protected":false},"excerpt":{"rendered":"<p>Pr\u00e9-filtro em pl\u00e1stico para coador inox &nbsp; EAN: 5600419230293 &nbsp; Modelo: para coador inox simples<\/p>\n","protected":false},"featured_media":41072,"comment_status":"open","ping_status":"closed","template":"","meta":[],"product_brand":[],"product_cat":[214,225],"product_tag":[256,242],"class_list":{"0":"post-38616","1":"product","2":"type-product","3":"status-publish","4":"has-post-thumbnail","6":"product_cat-apisantos","7":"product_cat-extracao","8":"product_tag-apisantos","9":"product_tag-extracao","10":"description-off","12":"first","13":"instock","14":"taxable","15":"shipping-taxable","16":"purchasable","17":"product-type-simple"},"aioseo_notices":[],"_links":{"self":[{"href":"https:\/\/apisantos.com\/en\/wp-json\/wp\/v2\/product\/38616","targetHints":{"allow":["GET"]}}],"collection":[{"href":"https:\/\/apisantos.com\/en\/wp-json\/wp\/v2\/product"}],"about":[{"href":"https:\/\/apisantos.com\/en\/wp-json\/wp\/v2\/types\/product"}],"replies":[{"embeddable":true,"href":"https:\/\/apisantos.com\/en\/wp-json\/wp\/v2\/comments?post=38616"}],"wp:featuredmedia":[{"embeddable":true,"href":"https:\/\/apisantos.com\/en\/wp-json\/wp\/v2\/media\/41072"}],"wp:attachment":[{"href":"https:\/\/apisantos.com\/en\/wp-json\/wp\/v2\/media?parent=38616"}],"wp:term":[{"taxonomy":"product_brand","embeddable":true,"href":"https:\/\/apisantos.com\/en\/wp-json\/wp\/v2\/product_brand?post=38616"},{"taxonomy":"product_cat","embeddable":true,"href":"https:\/\/apisantos.com\/en\/wp-json\/wp\/v2\/product_cat?post=38616"},{"taxonomy":"product_tag","embeddable":true,"href":"https:\/\/apisantos.com\/en\/wp-json\/wp\/v2\/product_tag?post=38616"}],"curies":[{"name":"wp","href":"https:\/\/api.w.org\/{rel}","templated":true}]}}