{"id":38599,"date":"2019-01-04T11:34:24","date_gmt":"2019-01-04T11:34:24","guid":{"rendered":"http:\/\/apisantos.com\/?post_type=product&#038;p=38599"},"modified":"2026-02-13T22:33:16","modified_gmt":"2026-02-13T22:33:16","slug":"quadro-seccoes-langstroth","status":"publish","type":"product","link":"https:\/\/apisantos.com\/en\/loja-online\/apisantos\/langstroth\/quadro-seccoes-langstroth\/","title":{"rendered":"Quadro pl\u00e1stico para sec\u00e7\u00f5es langstroth"},"content":{"rendered":"<p>Quadro de pl\u00e1stico com 16 sec\u00e7\u00f5es para mel com tampa transparente<\/p>\n<p>&nbsp;<\/p>\n<p><strong>EAN: 5600419210141<\/strong><\/p>\n<p>&nbsp;<\/p>\n<p>Modelo: langstroth<\/p>\n","protected":false},"excerpt":{"rendered":"<p>Quadro de pl\u00e1stico com 16 sec\u00e7\u00f5es para mel com tampa transparente &nbsp; EAN: 5600419210141 &nbsp; Modelo: langstroth<\/p>\n","protected":false},"featured_media":0,"comment_status":"open","ping_status":"closed","template":"","meta":[],"product_brand":[],"product_cat":[214,227],"product_tag":[256,244],"class_list":{"0":"post-38599","1":"product","2":"type-product","3":"status-publish","5":"product_cat-apisantos","6":"product_cat-langstroth","7":"product_tag-apisantos","8":"product_tag-langstroth","9":"description-off","11":"first","12":"instock","13":"taxable","14":"shipping-taxable","15":"purchasable","16":"product-type-simple"},"aioseo_notices":[],"_links":{"self":[{"href":"https:\/\/apisantos.com\/en\/wp-json\/wp\/v2\/product\/38599","targetHints":{"allow":["GET"]}}],"collection":[{"href":"https:\/\/apisantos.com\/en\/wp-json\/wp\/v2\/product"}],"about":[{"href":"https:\/\/apisantos.com\/en\/wp-json\/wp\/v2\/types\/product"}],"replies":[{"embeddable":true,"href":"https:\/\/apisantos.com\/en\/wp-json\/wp\/v2\/comments?post=38599"}],"wp:attachment":[{"href":"https:\/\/apisantos.com\/en\/wp-json\/wp\/v2\/media?parent=38599"}],"wp:term":[{"taxonomy":"product_brand","embeddable":true,"href":"https:\/\/apisantos.com\/en\/wp-json\/wp\/v2\/product_brand?post=38599"},{"taxonomy":"product_cat","embeddable":true,"href":"https:\/\/apisantos.com\/en\/wp-json\/wp\/v2\/product_cat?post=38599"},{"taxonomy":"product_tag","embeddable":true,"href":"https:\/\/apisantos.com\/en\/wp-json\/wp\/v2\/product_tag?post=38599"}],"curies":[{"name":"wp","href":"https:\/\/api.w.org\/{rel}","templated":true}]}}