{"id":38598,"date":"2019-01-04T11:30:42","date_gmt":"2019-01-04T11:30:42","guid":{"rendered":"http:\/\/apisantos.com\/?post_type=product&#038;p=38598"},"modified":"2026-02-13T21:09:40","modified_gmt":"2026-02-13T21:09:40","slug":"quadro-seccoes-lusitana","status":"publish","type":"product","link":"https:\/\/apisantos.com\/en\/loja-online\/apisantos\/lusitana\/quadro-seccoes-lusitana\/","title":{"rendered":"Quadro pl\u00e1stico para sec\u00e7\u00f5es lusitana"},"content":{"rendered":"<p>Quadro de pl\u00e1stico com 12 sec\u00e7\u00f5es para mel com tampa transparente<\/p>\n<p>&nbsp;<\/p>\n<p><strong>EAN: 5600419260672<\/strong><\/p>\n<p>&nbsp;<\/p>\n<p>Modelo: lusitana \/ reversivel<\/p>\n","protected":false},"excerpt":{"rendered":"<p>Quadro de pl\u00e1stico com 12 sec\u00e7\u00f5es para mel com tampa transparente &nbsp; EAN: 5600419260672 &nbsp; Modelo: lusitana \/ reversivel<\/p>\n","protected":false},"featured_media":0,"comment_status":"open","ping_status":"closed","template":"","meta":[],"product_brand":[],"product_cat":[214,226],"product_tag":[256,245],"class_list":{"0":"post-38598","1":"product","2":"type-product","3":"status-publish","5":"product_cat-apisantos","6":"product_cat-lusitana","7":"product_tag-apisantos","8":"product_tag-lusitana","9":"description-off","11":"first","12":"instock","13":"taxable","14":"shipping-taxable","15":"purchasable","16":"product-type-simple"},"aioseo_notices":[],"_links":{"self":[{"href":"https:\/\/apisantos.com\/en\/wp-json\/wp\/v2\/product\/38598","targetHints":{"allow":["GET"]}}],"collection":[{"href":"https:\/\/apisantos.com\/en\/wp-json\/wp\/v2\/product"}],"about":[{"href":"https:\/\/apisantos.com\/en\/wp-json\/wp\/v2\/types\/product"}],"replies":[{"embeddable":true,"href":"https:\/\/apisantos.com\/en\/wp-json\/wp\/v2\/comments?post=38598"}],"wp:attachment":[{"href":"https:\/\/apisantos.com\/en\/wp-json\/wp\/v2\/media?parent=38598"}],"wp:term":[{"taxonomy":"product_brand","embeddable":true,"href":"https:\/\/apisantos.com\/en\/wp-json\/wp\/v2\/product_brand?post=38598"},{"taxonomy":"product_cat","embeddable":true,"href":"https:\/\/apisantos.com\/en\/wp-json\/wp\/v2\/product_cat?post=38598"},{"taxonomy":"product_tag","embeddable":true,"href":"https:\/\/apisantos.com\/en\/wp-json\/wp\/v2\/product_tag?post=38598"}],"curies":[{"name":"wp","href":"https:\/\/api.w.org\/{rel}","templated":true}]}}