{"id":38597,"date":"2019-01-04T11:28:45","date_gmt":"2019-01-04T11:28:45","guid":{"rendered":"http:\/\/apisantos.com\/?post_type=product&#038;p=38597"},"modified":"2026-02-13T21:11:12","modified_gmt":"2026-02-13T21:11:12","slug":"frasco-vidro-coracao","status":"publish","type":"product","link":"https:\/\/apisantos.com\/en\/loja-online\/apisantos\/embalagens\/frasco-vidro-coracao\/","title":{"rendered":"Frasco vidro cora\u00e7\u00e3o 150gramas"},"content":{"rendered":"<p>Frasco vidro cora\u00e7\u00e3o com capacidade para 150gr de mel<\/p>\n<p>&nbsp;<\/p>\n<p><strong>EAN: 5600419230538<\/strong><\/p>\n<p>&nbsp;<\/p>\n<p>Modelo: tampa 43<\/p>\n","protected":false},"excerpt":{"rendered":"<p>Frasco vidro cora\u00e7\u00e3o com capacidade para 150gr de mel &nbsp; EAN: 5600419230538 &nbsp; Modelo: tampa 43<\/p>\n","protected":false},"featured_media":41006,"comment_status":"open","ping_status":"closed","template":"","meta":[],"product_brand":[],"product_cat":[214,224],"product_tag":[256,258],"class_list":{"0":"post-38597","1":"product","2":"type-product","3":"status-publish","4":"has-post-thumbnail","6":"product_cat-apisantos","7":"product_cat-embalagens","8":"product_tag-apisantos","9":"product_tag-embalagens","10":"description-off","12":"first","13":"instock","14":"taxable","15":"shipping-taxable","16":"purchasable","17":"product-type-simple"},"aioseo_notices":[],"_links":{"self":[{"href":"https:\/\/apisantos.com\/en\/wp-json\/wp\/v2\/product\/38597","targetHints":{"allow":["GET"]}}],"collection":[{"href":"https:\/\/apisantos.com\/en\/wp-json\/wp\/v2\/product"}],"about":[{"href":"https:\/\/apisantos.com\/en\/wp-json\/wp\/v2\/types\/product"}],"replies":[{"embeddable":true,"href":"https:\/\/apisantos.com\/en\/wp-json\/wp\/v2\/comments?post=38597"}],"wp:featuredmedia":[{"embeddable":true,"href":"https:\/\/apisantos.com\/en\/wp-json\/wp\/v2\/media\/41006"}],"wp:attachment":[{"href":"https:\/\/apisantos.com\/en\/wp-json\/wp\/v2\/media?parent=38597"}],"wp:term":[{"taxonomy":"product_brand","embeddable":true,"href":"https:\/\/apisantos.com\/en\/wp-json\/wp\/v2\/product_brand?post=38597"},{"taxonomy":"product_cat","embeddable":true,"href":"https:\/\/apisantos.com\/en\/wp-json\/wp\/v2\/product_cat?post=38597"},{"taxonomy":"product_tag","embeddable":true,"href":"https:\/\/apisantos.com\/en\/wp-json\/wp\/v2\/product_tag?post=38597"}],"curies":[{"name":"wp","href":"https:\/\/api.w.org\/{rel}","templated":true}]}}