{"id":38545,"date":"2019-01-04T09:15:06","date_gmt":"2019-01-04T09:15:06","guid":{"rendered":"http:\/\/apisantos.com\/?post_type=product&#038;p=38545"},"modified":"2026-02-13T21:18:42","modified_gmt":"2026-02-13T21:18:42","slug":"bidao-plastico-75","status":"publish","type":"product","link":"https:\/\/apisantos.com\/en\/loja-online\/apisantos\/embalagens\/bidao-plastico-75\/","title":{"rendered":"Bid\u00e3o de pl\u00e1stico para mel de 75lt"},"content":{"rendered":"<p>Bid\u00e3o de pl\u00e1stico alimentar com capacidade para 75 litros<\/p>\n<p>&nbsp;<\/p>\n<p><strong>EAN: 5600419230033<\/strong><\/p>\n","protected":false},"excerpt":{"rendered":"<p>Bid\u00e3o de pl\u00e1stico alimentar com capacidade para 75 litros &nbsp; EAN: 5600419230033<\/p>\n","protected":false},"featured_media":41723,"comment_status":"open","ping_status":"closed","template":"","meta":[],"product_brand":[],"product_cat":[214,224],"product_tag":[256,258],"class_list":{"0":"post-38545","1":"product","2":"type-product","3":"status-publish","4":"has-post-thumbnail","6":"product_cat-apisantos","7":"product_cat-embalagens","8":"product_tag-apisantos","9":"product_tag-embalagens","10":"description-off","12":"first","13":"instock","14":"taxable","15":"shipping-taxable","16":"purchasable","17":"product-type-simple"},"aioseo_notices":[],"_links":{"self":[{"href":"https:\/\/apisantos.com\/en\/wp-json\/wp\/v2\/product\/38545","targetHints":{"allow":["GET"]}}],"collection":[{"href":"https:\/\/apisantos.com\/en\/wp-json\/wp\/v2\/product"}],"about":[{"href":"https:\/\/apisantos.com\/en\/wp-json\/wp\/v2\/types\/product"}],"replies":[{"embeddable":true,"href":"https:\/\/apisantos.com\/en\/wp-json\/wp\/v2\/comments?post=38545"}],"wp:featuredmedia":[{"embeddable":true,"href":"https:\/\/apisantos.com\/en\/wp-json\/wp\/v2\/media\/41723"}],"wp:attachment":[{"href":"https:\/\/apisantos.com\/en\/wp-json\/wp\/v2\/media?parent=38545"}],"wp:term":[{"taxonomy":"product_brand","embeddable":true,"href":"https:\/\/apisantos.com\/en\/wp-json\/wp\/v2\/product_brand?post=38545"},{"taxonomy":"product_cat","embeddable":true,"href":"https:\/\/apisantos.com\/en\/wp-json\/wp\/v2\/product_cat?post=38545"},{"taxonomy":"product_tag","embeddable":true,"href":"https:\/\/apisantos.com\/en\/wp-json\/wp\/v2\/product_tag?post=38545"}],"curies":[{"name":"wp","href":"https:\/\/api.w.org\/{rel}","templated":true}]}}