{"id":38508,"date":"2018-12-28T18:14:56","date_gmt":"2018-12-28T18:14:56","guid":{"rendered":"http:\/\/apisantos.com\/?post_type=product&#038;p=38508"},"modified":"2026-02-13T21:22:26","modified_gmt":"2026-02-13T21:22:26","slug":"capta-polen-plastico","status":"publish","type":"product","link":"https:\/\/apisantos.com\/en\/loja-online\/apisantos\/utensilios\/capta-polen-plastico\/","title":{"rendered":"Capta p\u00f3len em pl\u00e1stico alimentar"},"content":{"rendered":"<p>Capta p\u00f3len em pl\u00e1stico para colmeia de madeira<\/p>\n<p>&nbsp;<\/p>\n<p><strong>EAN: 5600419250093<\/strong><\/p>\n<p>&nbsp;<\/p>\n<p>Modelo: tamb\u00e9m existe em madeira<\/p>\n","protected":false},"excerpt":{"rendered":"<p>Capta p\u00f3len em pl\u00e1stico para colmeia de madeira &nbsp; EAN: 5600419250093 &nbsp; Modelo: tamb\u00e9m existe em madeira<\/p>\n","protected":false},"featured_media":41342,"comment_status":"open","ping_status":"closed","template":"","meta":[],"product_brand":[],"product_cat":[214,221],"product_tag":[256,261],"class_list":{"0":"post-38508","1":"product","2":"type-product","3":"status-publish","4":"has-post-thumbnail","6":"product_cat-apisantos","7":"product_cat-utensilios","8":"product_tag-apisantos","9":"product_tag-utensilios","10":"description-off","12":"first","13":"outofstock","14":"taxable","15":"shipping-taxable","16":"purchasable","17":"product-type-simple"},"aioseo_notices":[],"_links":{"self":[{"href":"https:\/\/apisantos.com\/en\/wp-json\/wp\/v2\/product\/38508","targetHints":{"allow":["GET"]}}],"collection":[{"href":"https:\/\/apisantos.com\/en\/wp-json\/wp\/v2\/product"}],"about":[{"href":"https:\/\/apisantos.com\/en\/wp-json\/wp\/v2\/types\/product"}],"replies":[{"embeddable":true,"href":"https:\/\/apisantos.com\/en\/wp-json\/wp\/v2\/comments?post=38508"}],"wp:featuredmedia":[{"embeddable":true,"href":"https:\/\/apisantos.com\/en\/wp-json\/wp\/v2\/media\/41342"}],"wp:attachment":[{"href":"https:\/\/apisantos.com\/en\/wp-json\/wp\/v2\/media?parent=38508"}],"wp:term":[{"taxonomy":"product_brand","embeddable":true,"href":"https:\/\/apisantos.com\/en\/wp-json\/wp\/v2\/product_brand?post=38508"},{"taxonomy":"product_cat","embeddable":true,"href":"https:\/\/apisantos.com\/en\/wp-json\/wp\/v2\/product_cat?post=38508"},{"taxonomy":"product_tag","embeddable":true,"href":"https:\/\/apisantos.com\/en\/wp-json\/wp\/v2\/product_tag?post=38508"}],"curies":[{"name":"wp","href":"https:\/\/api.w.org\/{rel}","templated":true}]}}