{"id":38503,"date":"2018-12-28T18:08:14","date_gmt":"2018-12-28T18:08:14","guid":{"rendered":"http:\/\/apisantos.com\/?post_type=product&#038;p=38503"},"modified":"2026-02-13T21:24:08","modified_gmt":"2026-02-13T21:24:08","slug":"resistencia-silicone","status":"publish","type":"product","link":"https:\/\/apisantos.com\/en\/loja-online\/apisantos\/utensilios\/resistencia-silicone\/","title":{"rendered":"Resist\u00eancia silicone alimentar com termostato"},"content":{"rendered":"<p>Resist\u00eancia de silicone alimentar para derreter o mel. ( pode colocar directamente com o mel ou aplicar no exterior do bid\u00e3o )<\/p>\n<p>&nbsp;<\/p>\n<p><strong>EAN: 5600419250338<\/strong><\/p>\n","protected":false},"excerpt":{"rendered":"<p>Resist\u00eancia de silicone alimentar para derreter o mel. ( pode colocar directamente com o mel ou aplicar no exterior do bid\u00e3o ) &nbsp; EAN: 5600419250338<\/p>\n","protected":false},"featured_media":41332,"comment_status":"open","ping_status":"closed","template":"","meta":[],"product_brand":[],"product_cat":[214,221],"product_tag":[256,261],"class_list":{"0":"post-38503","1":"product","2":"type-product","3":"status-publish","4":"has-post-thumbnail","6":"product_cat-apisantos","7":"product_cat-utensilios","8":"product_tag-apisantos","9":"product_tag-utensilios","10":"description-off","12":"first","13":"instock","14":"taxable","15":"shipping-taxable","16":"purchasable","17":"product-type-simple"},"aioseo_notices":[],"_links":{"self":[{"href":"https:\/\/apisantos.com\/en\/wp-json\/wp\/v2\/product\/38503","targetHints":{"allow":["GET"]}}],"collection":[{"href":"https:\/\/apisantos.com\/en\/wp-json\/wp\/v2\/product"}],"about":[{"href":"https:\/\/apisantos.com\/en\/wp-json\/wp\/v2\/types\/product"}],"replies":[{"embeddable":true,"href":"https:\/\/apisantos.com\/en\/wp-json\/wp\/v2\/comments?post=38503"}],"wp:featuredmedia":[{"embeddable":true,"href":"https:\/\/apisantos.com\/en\/wp-json\/wp\/v2\/media\/41332"}],"wp:attachment":[{"href":"https:\/\/apisantos.com\/en\/wp-json\/wp\/v2\/media?parent=38503"}],"wp:term":[{"taxonomy":"product_brand","embeddable":true,"href":"https:\/\/apisantos.com\/en\/wp-json\/wp\/v2\/product_brand?post=38503"},{"taxonomy":"product_cat","embeddable":true,"href":"https:\/\/apisantos.com\/en\/wp-json\/wp\/v2\/product_cat?post=38503"},{"taxonomy":"product_tag","embeddable":true,"href":"https:\/\/apisantos.com\/en\/wp-json\/wp\/v2\/product_tag?post=38503"}],"curies":[{"name":"wp","href":"https:\/\/api.w.org\/{rel}","templated":true}]}}