{"id":38495,"date":"2018-12-28T17:55:53","date_gmt":"2018-12-28T17:55:53","guid":{"rendered":"http:\/\/apisantos.com\/?post_type=product&#038;p=38495"},"modified":"2026-02-13T23:04:13","modified_gmt":"2026-02-13T23:04:13","slug":"regua-divisoria-colmeia-madeira","status":"publish","type":"product","link":"https:\/\/apisantos.com\/en\/loja-online\/apisantos\/utensilios\/regua-divisoria-colmeia-madeira\/","title":{"rendered":"R\u00e9gua divis\u00f3ria para colmeia madeira"},"content":{"rendered":"<p>R\u00e9gua divis\u00f3ria em chapa para colmeia ( separador de 8\u00a0 &#8211;\u00a0 9\u00a0 &#8211;\u00a0 10 )<\/p>\n<p>&nbsp;<\/p>\n<p><strong>EAN: 5600419250314<\/strong><\/p>\n","protected":false},"excerpt":{"rendered":"<p>R\u00e9gua divis\u00f3ria em chapa para colmeia ( separador de 8\u00a0 &#8211;\u00a0 9\u00a0 &#8211;\u00a0 10 ) &nbsp; EAN: 5600419250314<\/p>\n","protected":false},"featured_media":41324,"comment_status":"open","ping_status":"closed","template":"","meta":[],"product_brand":[],"product_cat":[214,221],"product_tag":[256,261],"class_list":{"0":"post-38495","1":"product","2":"type-product","3":"status-publish","4":"has-post-thumbnail","6":"product_cat-apisantos","7":"product_cat-utensilios","8":"product_tag-apisantos","9":"product_tag-utensilios","10":"description-off","12":"first","13":"instock","14":"taxable","15":"shipping-taxable","16":"purchasable","17":"product-type-simple"},"aioseo_notices":[],"_links":{"self":[{"href":"https:\/\/apisantos.com\/en\/wp-json\/wp\/v2\/product\/38495","targetHints":{"allow":["GET"]}}],"collection":[{"href":"https:\/\/apisantos.com\/en\/wp-json\/wp\/v2\/product"}],"about":[{"href":"https:\/\/apisantos.com\/en\/wp-json\/wp\/v2\/types\/product"}],"replies":[{"embeddable":true,"href":"https:\/\/apisantos.com\/en\/wp-json\/wp\/v2\/comments?post=38495"}],"wp:featuredmedia":[{"embeddable":true,"href":"https:\/\/apisantos.com\/en\/wp-json\/wp\/v2\/media\/41324"}],"wp:attachment":[{"href":"https:\/\/apisantos.com\/en\/wp-json\/wp\/v2\/media?parent=38495"}],"wp:term":[{"taxonomy":"product_brand","embeddable":true,"href":"https:\/\/apisantos.com\/en\/wp-json\/wp\/v2\/product_brand?post=38495"},{"taxonomy":"product_cat","embeddable":true,"href":"https:\/\/apisantos.com\/en\/wp-json\/wp\/v2\/product_cat?post=38495"},{"taxonomy":"product_tag","embeddable":true,"href":"https:\/\/apisantos.com\/en\/wp-json\/wp\/v2\/product_tag?post=38495"}],"curies":[{"name":"wp","href":"https:\/\/api.w.org\/{rel}","templated":true}]}}