{"id":38470,"date":"2018-12-28T15:46:11","date_gmt":"2018-12-28T15:46:11","guid":{"rendered":"http:\/\/apisantos.com\/?post_type=product&#038;p=38470"},"modified":"2026-02-13T21:36:47","modified_gmt":"2026-02-13T21:36:47","slug":"fumigador-pequeno","status":"publish","type":"product","link":"https:\/\/apisantos.com\/en\/loja-online\/apisantos\/ferramentas\/fumigador-pequeno\/","title":{"rendered":"Fumigador pequeno com prote\u00e7\u00e3o"},"content":{"rendered":"<p>Fumigador pequeno com protec\u00e7\u00e3o lateral<\/p>\n<p>&nbsp;<\/p>\n<p><strong>EAN: 5600419220201<\/strong><\/p>\n<p>&nbsp;<\/p>\n","protected":false},"excerpt":{"rendered":"<p>Fumigador pequeno com protec\u00e7\u00e3o lateral &nbsp; EAN: 5600419220201 &nbsp;<\/p>\n","protected":false},"featured_media":41205,"comment_status":"open","ping_status":"closed","template":"","meta":[],"product_brand":[],"product_cat":[214,220],"product_tag":[256,243],"class_list":{"0":"post-38470","1":"product","2":"type-product","3":"status-publish","4":"has-post-thumbnail","6":"product_cat-apisantos","7":"product_cat-ferramentas","8":"product_tag-apisantos","9":"product_tag-ferramentas","10":"description-off","12":"first","13":"instock","14":"taxable","15":"shipping-taxable","16":"purchasable","17":"product-type-simple"},"aioseo_notices":[],"_links":{"self":[{"href":"https:\/\/apisantos.com\/en\/wp-json\/wp\/v2\/product\/38470","targetHints":{"allow":["GET"]}}],"collection":[{"href":"https:\/\/apisantos.com\/en\/wp-json\/wp\/v2\/product"}],"about":[{"href":"https:\/\/apisantos.com\/en\/wp-json\/wp\/v2\/types\/product"}],"replies":[{"embeddable":true,"href":"https:\/\/apisantos.com\/en\/wp-json\/wp\/v2\/comments?post=38470"}],"wp:featuredmedia":[{"embeddable":true,"href":"https:\/\/apisantos.com\/en\/wp-json\/wp\/v2\/media\/41205"}],"wp:attachment":[{"href":"https:\/\/apisantos.com\/en\/wp-json\/wp\/v2\/media?parent=38470"}],"wp:term":[{"taxonomy":"product_brand","embeddable":true,"href":"https:\/\/apisantos.com\/en\/wp-json\/wp\/v2\/product_brand?post=38470"},{"taxonomy":"product_cat","embeddable":true,"href":"https:\/\/apisantos.com\/en\/wp-json\/wp\/v2\/product_cat?post=38470"},{"taxonomy":"product_tag","embeddable":true,"href":"https:\/\/apisantos.com\/en\/wp-json\/wp\/v2\/product_tag?post=38470"}],"curies":[{"name":"wp","href":"https:\/\/api.w.org\/{rel}","templated":true}]}}